{"id":7,"date":"2025-03-12T23:19:15","date_gmt":"2025-03-12T22:19:15","guid":{"rendered":"https:\/\/ateneaintercambios.com\/about\/"},"modified":"2025-12-26T19:02:15","modified_gmt":"2025-12-26T18:02:15","slug":"about","status":"publish","type":"page","link":"https:\/\/ateneaintercambios.com\/en\/about\/","title":{"rendered":"About"},"content":{"rendered":"<div data-elementor-type=\"wp-post\" data-elementor-id=\"7\" class=\"elementor elementor-7\">\n\t\t\t\t<div class=\"elementor-element elementor-element-cbcf082 e-flex e-con-boxed e-con e-parent\" data-id=\"cbcf082\" data-element_type=\"container\" data-settings=\"{&quot;background_background&quot;:&quot;classic&quot;}\">\n\t\t\t\t\t<div class=\"e-con-inner\">\n\t\t<div class=\"elementor-element elementor-element-53c6f6a e-con-full e-flex e-con e-child\" data-id=\"53c6f6a\" data-element_type=\"container\">\n\t\t\t\t<div class=\"elementor-element elementor-element-60f397f elementor-widget elementor-widget-heading\" data-id=\"60f397f\" data-element_type=\"widget\" data-widget_type=\"heading.default\">\n\t\t\t\t<div class=\"elementor-widget-container\">\n\t\t\t\t\t<h1 class=\"elementor-heading-title elementor-size-default\">Atenea Programas de Intercambio<\/h1>\t\t\t\t<\/div>\n\t\t\t\t<\/div>\n\t\t\t\t<\/div>\n\t\t\t\t\t<\/div>\n\t\t\t\t<\/div>\n\t\t<div class=\"elementor-element elementor-element-2a368ba e-flex e-con-boxed e-con e-parent\" data-id=\"2a368ba\" data-element_type=\"container\" data-settings=\"{&quot;background_background&quot;:&quot;classic&quot;}\">\n\t\t\t\t\t<div class=\"e-con-inner\">\n\t\t\t\t<div class=\"elementor-element elementor-element-9d33ef7 elementor-widget elementor-widget-spacer\" data-id=\"9d33ef7\" data-element_type=\"widget\" data-widget_type=\"spacer.default\">\n\t\t\t\t<div class=\"elementor-widget-container\">\n\t\t\t\t\t\t\t<div class=\"elementor-spacer\">\n\t\t\t<div class=\"elementor-spacer-inner\"><\/div>\n\t\t<\/div>\n\t\t\t\t\t\t<\/div>\n\t\t\t\t<\/div>\n\t\t\t\t\t<\/div>\n\t\t\t\t<\/div>\n\t\t\t\t<section class=\"elementor-section elementor-top-section elementor-element elementor-element-vvbmxx6 elementor-section-content-middle elementor-section-boxed elementor-section-height-default elementor-section-height-default\" data-id=\"vvbmxx6\" data-element_type=\"section\" data-settings=\"{&quot;background_background&quot;:&quot;classic&quot;}\">\n\t\t\t\t\t\t\t<div class=\"elementor-background-overlay\"><\/div>\n\t\t\t\t\t\t\t<div class=\"elementor-container elementor-column-gap-no\">\n\t\t\t\t\t<div class=\"elementor-column elementor-col-50 elementor-top-column elementor-element elementor-element-9247ec0\" data-id=\"9247ec0\" data-element_type=\"column\">\n\t\t\t<div class=\"elementor-widget-wrap elementor-element-populated\">\n\t\t\t\t\t\t<div class=\"elementor-element elementor-element-f003f55 elementor-widget elementor-widget-heading\" data-id=\"f003f55\" data-element_type=\"widget\" data-widget_type=\"heading.default\">\n\t\t\t\t<div class=\"elementor-widget-container\">\n\t\t\t\t\t<h2 class=\"elementor-heading-title elementor-size-default\">Live, Learn, and Discover<\/h2>\t\t\t\t<\/div>\n\t\t\t\t<\/div>\n\t\t\t\t<div class=\"elementor-element elementor-element-fc0f03f elementor-widget elementor-widget-text-editor\" data-id=\"fc0f03f\" data-element_type=\"widget\" data-widget_type=\"text-editor.default\">\n\t\t\t\t<div class=\"elementor-widget-container\">\n\t\t\t\t\t\t\t\t\t<p>For over 25 years, Atenea Programas de Intercambio has been helping young people live unique experiences that transform their lives.<\/p><p>We believe that traveling and working abroad not only expands career opportunities but also provides the chance to experience new cultures, make international friendships, and improve English in a real-world setting.<\/p><p>Participating in one of our programs allows young people to develop skills, gain independence, and grow both personally and professionally. They will experience a transformative journey that broadens their horizons, boosts their self-confidence, and prepares them for a future full of opportunities.<\/p>\t\t\t\t\t\t\t\t<\/div>\n\t\t\t\t<\/div>\n\t\t\t\t<div class=\"elementor-element elementor-element-d49e6a8 elementor-widget elementor-widget-text-editor\" data-id=\"d49e6a8\" data-element_type=\"widget\" data-widget_type=\"text-editor.default\">\n\t\t\t\t<div class=\"elementor-widget-container\">\n\t\t\t\t\t\t\t\t\t<p data-start=\"80\" data-end=\"215\">Our programs include:<\/p><div class=\"flex max-w-full flex-col flex-grow\"><div class=\"min-h-8 text-message relative flex w-full flex-col items-end gap-2 whitespace-normal break-words text-start [.text-message+&amp;]:mt-5\" dir=\"auto\" data-message-author-role=\"assistant\" data-message-id=\"12a690ad-7a09-4ad0-a9e8-045682f8ba83\" data-message-model-slug=\"gpt-4o\"><div class=\"flex w-full flex-col gap-1 empty:hidden first:pt-[3px]\"><div class=\"markdown prose w-full break-words dark:prose-invert light\"><p data-start=\"163\" data-end=\"445\" data-is-only-node=\"\" data-is-last-node=\"\">\u2714 <strong data-start=\"165\" data-end=\"183\">Work &amp; Travel:<\/strong> Temporary work experience in the U.S. for college students.<br data-start=\"255\" data-end=\"258\" \/>\u2714 <strong data-start=\"260\" data-end=\"272\">Au Pair:<\/strong> Cultural exchange living with a host family while caring for children.<br data-start=\"347\" data-end=\"350\" \/>\u2714 <strong data-start=\"352\" data-end=\"367\">Internship:<\/strong> Professional internships abroad to boost career development.<\/p><\/div><\/div><\/div><\/div>\t\t\t\t\t\t\t\t<\/div>\n\t\t\t\t<\/div>\n\t\t\t\t\t<\/div>\n\t\t<\/div>\n\t\t\t\t<div class=\"elementor-column elementor-col-50 elementor-top-column elementor-element elementor-element-3bcc9c8\" data-id=\"3bcc9c8\" data-element_type=\"column\">\n\t\t\t<div class=\"elementor-widget-wrap elementor-element-populated\">\n\t\t\t\t\t\t<div class=\"elementor-element elementor-element-102e615 elementor-widget elementor-widget-image\" data-id=\"102e615\" data-element_type=\"widget\" data-widget_type=\"image.default\">\n\t\t\t\t<div class=\"elementor-widget-container\">\n\t\t\t\t\t\t\t\t\t\t\t\t\t\t\t<img fetchpriority=\"high\" decoding=\"async\" width=\"1024\" height=\"906\" src=\"https:\/\/ateneaintercambios.com\/wp-content\/uploads\/2025\/03\/b2.jpg\" class=\"attachment-large size-large wp-image-1342\" alt=\"\" srcset=\"https:\/\/ateneaintercambios.com\/wp-content\/uploads\/2025\/03\/b2.jpg 1024w, https:\/\/ateneaintercambios.com\/wp-content\/uploads\/2025\/03\/b2-300x265.jpg 300w, https:\/\/ateneaintercambios.com\/wp-content\/uploads\/2025\/03\/b2-768x680.jpg 768w\" sizes=\"(max-width: 1024px) 100vw, 1024px\" \/>\t\t\t\t\t\t\t\t\t\t\t\t\t\t\t<\/div>\n\t\t\t\t<\/div>\n\t\t\t\t<div class=\"elementor-element elementor-element-d2d69e7 elementor-widget elementor-widget-image\" data-id=\"d2d69e7\" data-element_type=\"widget\" data-widget_type=\"image.default\">\n\t\t\t\t<div class=\"elementor-widget-container\">\n\t\t\t\t\t\t\t\t\t\t\t\t\t\t\t<img decoding=\"async\" width=\"550\" height=\"410\" src=\"https:\/\/ateneaintercambios.com\/wp-content\/uploads\/2025\/03\/15322.jpg\" class=\"attachment-full size-full wp-image-1098\" alt=\"\" srcset=\"https:\/\/ateneaintercambios.com\/wp-content\/uploads\/2025\/03\/15322.jpg 550w, https:\/\/ateneaintercambios.com\/wp-content\/uploads\/2025\/03\/15322-300x224.jpg 300w\" sizes=\"(max-width: 550px) 100vw, 550px\" \/>\t\t\t\t\t\t\t\t\t\t\t\t\t\t\t<\/div>\n\t\t\t\t<\/div>\n\t\t\t\t\t<\/div>\n\t\t<\/div>\n\t\t\t\t\t<\/div>\n\t\t<\/section>\n\t\t<div class=\"elementor-element elementor-element-7658db9 e-flex e-con-boxed e-con e-parent\" data-id=\"7658db9\" data-element_type=\"container\" data-settings=\"{&quot;background_background&quot;:&quot;classic&quot;}\">\n\t\t\t\t\t<div class=\"e-con-inner\">\n\t\t<div class=\"elementor-element elementor-element-0865bb8 e-con-full e-flex e-con e-child\" data-id=\"0865bb8\" data-element_type=\"container\">\n\t\t<div class=\"elementor-element elementor-element-d061a15 e-con-full e-flex e-con e-child\" data-id=\"d061a15\" data-element_type=\"container\">\n\t\t<div class=\"elementor-element elementor-element-14bad99 e-con-full e-flex e-con e-child\" data-id=\"14bad99\" data-element_type=\"container\">\n\t\t\t\t<div class=\"elementor-element elementor-element-fe180ee elementor-widget elementor-widget-spacer\" data-id=\"fe180ee\" data-element_type=\"widget\" data-widget_type=\"spacer.default\">\n\t\t\t\t<div class=\"elementor-widget-container\">\n\t\t\t\t\t\t\t<div class=\"elementor-spacer\">\n\t\t\t<div class=\"elementor-spacer-inner\"><\/div>\n\t\t<\/div>\n\t\t\t\t\t\t<\/div>\n\t\t\t\t<\/div>\n\t\t\t\t<\/div>\n\t\t<div class=\"elementor-element elementor-element-ca301e9 e-con-full e-flex e-con e-child\" data-id=\"ca301e9\" data-element_type=\"container\">\n\t\t\t\t<div class=\"elementor-element elementor-element-73ef18a elementor-widget elementor-widget-heading\" data-id=\"73ef18a\" data-element_type=\"widget\" data-widget_type=\"heading.default\">\n\t\t\t\t<div class=\"elementor-widget-container\">\n\t\t\t\t\t<h2 class=\"elementor-heading-title elementor-size-default\">Los n\u00fameros hablan por s\u00ed solos:<\/h2>\t\t\t\t<\/div>\n\t\t\t\t<\/div>\n\t\t\t\t<\/div>\n\t\t<div class=\"elementor-element elementor-element-0dc47cd e-con-full e-flex e-con e-child\" data-id=\"0dc47cd\" data-element_type=\"container\">\n\t\t\t\t<div class=\"elementor-element elementor-element-addcff8 elementor-widget elementor-widget-counter\" data-id=\"addcff8\" data-element_type=\"widget\" data-widget_type=\"counter.default\">\n\t\t\t\t<div class=\"elementor-widget-container\">\n\t\t\t\t\t\t\t<div class=\"elementor-counter\">\n\t\t\t<div class=\"elementor-counter-title\">Years of Experience<\/div>\t\t\t<div class=\"elementor-counter-number-wrapper\">\n\t\t\t\t<span class=\"elementor-counter-number-prefix\"><\/span>\n\t\t\t\t<span class=\"elementor-counter-number\" data-duration=\"2000\" data-to-value=\"25\" data-from-value=\"0\">0<\/span>\n\t\t\t\t<span class=\"elementor-counter-number-suffix\"><\/span>\n\t\t\t<\/div>\n\t\t<\/div>\n\t\t\t\t\t\t<\/div>\n\t\t\t\t<\/div>\n\t\t\t\t<\/div>\n\t\t\t\t<\/div>\n\t\t\t\t<div class=\"elementor-element elementor-element-4cc4bcd elementor-widget elementor-widget-html\" data-id=\"4cc4bcd\" data-element_type=\"widget\" data-widget_type=\"html.default\">\n\t\t\t\t<div class=\"elementor-widget-container\">\n\t\t\t\t\t<iframe src=\"https:\/\/www.google.com\/maps\/d\/embed?mid=1Q8f5-oegaxyr7cO3jg7vgqCy27mtOYE&ehbc=2E312F&noprof=1\" width=\"640\" height=\"480\"><\/iframe>\t\t\t\t<\/div>\n\t\t\t\t<\/div>\n\t\t\t\t<div class=\"elementor-element elementor-element-a5b2057 elementor-widget elementor-widget-heading\" data-id=\"a5b2057\" data-element_type=\"widget\" data-widget_type=\"heading.default\">\n\t\t\t\t<div class=\"elementor-widget-container\">\n\t\t\t\t\t<h2 class=\"elementor-heading-title elementor-size-default\">Employers Across the U.S.<\/h2>\t\t\t\t<\/div>\n\t\t\t\t<\/div>\n\t\t\t\t<\/div>\n\t\t\t\t\t<\/div>\n\t\t\t\t<\/div>\n\t\t<div class=\"elementor-element elementor-element-7d3772d7 e-flex e-con-boxed e-con e-parent\" data-id=\"7d3772d7\" data-element_type=\"container\" id=\"xs_team_1\" data-settings=\"{&quot;background_background&quot;:&quot;classic&quot;}\">\n\t\t\t\t\t<div class=\"e-con-inner\">\n\t\t\t\t<div class=\"elementor-element elementor-element-4fc466ac elementor-widget elementor-widget-elementskit-heading\" data-id=\"4fc466ac\" data-element_type=\"widget\" data-widget_type=\"elementskit-heading.default\">\n\t\t\t\t<div class=\"elementor-widget-container\">\n\t\t\t\t\t<div class=\"ekit-wid-con\" ><div class=\"ekit-heading elementskit-section-title-wraper center   ekit_heading_tablet-   ekit_heading_mobile-\"><h3 class=\"ekit-heading--title elementskit-section-title\">Meet the Atenea Programas de Intercambio Team<\/h3>\t\t\t\t<div class='ekit-heading__description'>\n\t\t\t\t\t<p class=\" translation-block\">\"At Atenea Exchange Programs, we are committed to providing you with the best experience on your journey toward new international opportunities. Our team is made up of specialized professionals who will guide you through every step of the process, from your application to your arrival at your destination.\"<\/p>\n\t\t\t\t<\/div>\n\t\t\t<div class=\"ekit_heading_separetor_wraper ekit_heading_elementskit-border-divider\"><div class=\"elementskit-border-divider\"><\/div><\/div><\/div><\/div>\t\t\t\t<\/div>\n\t\t\t\t<\/div>\n\t\t<div class=\"elementor-element elementor-element-63662f8 e-grid e-con-full e-con e-child\" data-id=\"63662f8\" data-element_type=\"container\">\n\t\t\t\t<div class=\"elementor-element elementor-element-1a53ad4 elementor-widget elementor-widget-image\" data-id=\"1a53ad4\" data-element_type=\"widget\" data-widget_type=\"image.default\">\n\t\t\t\t<div class=\"elementor-widget-container\">\n\t\t\t\t\t\t\t\t\t\t\t\t\t\t\t<img decoding=\"async\" width=\"1024\" height=\"694\" src=\"https:\/\/ateneaintercambios.com\/wp-content\/uploads\/2025\/03\/8ea54cf1-ed41-458c-9aca-f5c8b5019726132132312-1024x694.jpeg\" class=\"attachment-large size-large wp-image-3040\" alt=\"\" srcset=\"https:\/\/ateneaintercambios.com\/wp-content\/uploads\/2025\/03\/8ea54cf1-ed41-458c-9aca-f5c8b5019726132132312-1024x694.jpeg 1024w, https:\/\/ateneaintercambios.com\/wp-content\/uploads\/2025\/03\/8ea54cf1-ed41-458c-9aca-f5c8b5019726132132312-300x203.jpeg 300w, https:\/\/ateneaintercambios.com\/wp-content\/uploads\/2025\/03\/8ea54cf1-ed41-458c-9aca-f5c8b5019726132132312-768x521.jpeg 768w, https:\/\/ateneaintercambios.com\/wp-content\/uploads\/2025\/03\/8ea54cf1-ed41-458c-9aca-f5c8b5019726132132312.jpeg 1600w\" sizes=\"(max-width: 1024px) 100vw, 1024px\" \/>\t\t\t\t\t\t\t\t\t\t\t\t\t\t\t<\/div>\n\t\t\t\t<\/div>\n\t\t\t\t<div class=\"elementor-element elementor-element-1c17edc elementor-widget elementor-widget-image\" data-id=\"1c17edc\" data-element_type=\"widget\" data-widget_type=\"image.default\">\n\t\t\t\t<div class=\"elementor-widget-container\">\n\t\t\t\t\t\t\t\t\t\t\t\t\t\t\t<img loading=\"lazy\" decoding=\"async\" width=\"1024\" height=\"750\" src=\"https:\/\/ateneaintercambios.com\/wp-content\/uploads\/2025\/03\/7b878901-096c-4a00-9985-0ba1dd30159d-1024x750.jpeg\" class=\"attachment-large size-large wp-image-3022\" alt=\"\" srcset=\"https:\/\/ateneaintercambios.com\/wp-content\/uploads\/2025\/03\/7b878901-096c-4a00-9985-0ba1dd30159d-1024x750.jpeg 1024w, https:\/\/ateneaintercambios.com\/wp-content\/uploads\/2025\/03\/7b878901-096c-4a00-9985-0ba1dd30159d-300x220.jpeg 300w, https:\/\/ateneaintercambios.com\/wp-content\/uploads\/2025\/03\/7b878901-096c-4a00-9985-0ba1dd30159d-768x563.jpeg 768w, https:\/\/ateneaintercambios.com\/wp-content\/uploads\/2025\/03\/7b878901-096c-4a00-9985-0ba1dd30159d-16x12.jpeg 16w, https:\/\/ateneaintercambios.com\/wp-content\/uploads\/2025\/03\/7b878901-096c-4a00-9985-0ba1dd30159d.jpeg 1280w\" sizes=\"(max-width: 1024px) 100vw, 1024px\" \/>\t\t\t\t\t\t\t\t\t\t\t\t\t\t\t<\/div>\n\t\t\t\t<\/div>\n\t\t\t\t<\/div>\n\t\t\t\t\t<\/div>\n\t\t\t\t<\/div>\n\t\t<div class=\"elementor-element elementor-element-1217944 e-flex e-con-boxed e-con e-parent\" data-id=\"1217944\" data-element_type=\"container\" data-settings=\"{&quot;background_background&quot;:&quot;classic&quot;}\">\n\t\t\t\t\t<div class=\"e-con-inner\">\n\t\t<div class=\"elementor-element elementor-element-993c077 e-con-full e-flex e-con e-child\" data-id=\"993c077\" data-element_type=\"container\">\n\t\t\t\t<div class=\"elementor-element elementor-element-e9f594c elementor-widget elementor-widget-heading\" data-id=\"e9f594c\" data-element_type=\"widget\" data-widget_type=\"heading.default\">\n\t\t\t\t<div class=\"elementor-widget-container\">\n\t\t\t\t\t<h3 class=\"elementor-heading-title elementor-size-default\">If you want more information, message us on WhatsApp.  <\/h3>\t\t\t\t<\/div>\n\t\t\t\t<\/div>\n\t\t\t\t<\/div>\n\t\t<div class=\"elementor-element elementor-element-489eb27 e-con-full e-flex e-con e-child\" data-id=\"489eb27\" data-element_type=\"container\">\n\t\t\t\t<div class=\"elementor-element elementor-element-a898f12 elementor-align-center elementor-mobile-align-center elementor-widget elementor-widget-button\" data-id=\"a898f12\" data-element_type=\"widget\" data-widget_type=\"button.default\">\n\t\t\t\t<div class=\"elementor-widget-container\">\n\t\t\t\t\t\t\t\t\t<div class=\"elementor-button-wrapper\">\n\t\t\t\t\t<a class=\"elementor-button elementor-button-link elementor-size-sm\" href=\"https:\/\/linktr.ee\/ateneawt?utm_source=ig&#038;utm_medium=social&#038;utm_content=link_in_bio&#038;fbclid=PAZXh0bgNhZW0CMTEAc3J0YwZhcHBfaWQMMjU2MjgxMDQwNTU4AAGng0umYpKimvBDGkas5DzEfKhR9dNQ2-aEejMjOKaTIOIPnF5kUdKjOWXV1Pc_aem_uSWxi_KfXPyWH1yZc-bncA\">\n\t\t\t\t\t\t<span class=\"elementor-button-content-wrapper\">\n\t\t\t\t\t\t\t\t\t<span class=\"elementor-button-text\">Whatsapp<\/span>\n\t\t\t\t\t<\/span>\n\t\t\t\t\t<\/a>\n\t\t\t\t<\/div>\n\t\t\t\t\t\t\t\t<\/div>\n\t\t\t\t<\/div>\n\t\t\t\t<\/div>\n\t\t\t\t\t<\/div>\n\t\t\t\t<\/div>\n\t\t\t\t<\/div>","protected":false},"excerpt":{"rendered":"<p>Atenea Programas de Intercambio Vive, Aprende y Descubre Desde hace m\u00e1s de 25 a\u00f1os, en Atenea Programas de Intercambio ayudamos a j\u00f3venes a vivir experiencias \u00fanicas que transforman sus vidas. Creemos que viajar y trabajar en el extranjero no solo ampl\u00eda las oportunidades laborales, sino que tambi\u00e9n les brinda la oportunidad de conocer nuevas culturas, [&hellip;]<\/p>","protected":false},"author":1,"featured_media":0,"parent":0,"menu_order":0,"comment_status":"closed","ping_status":"closed","template":"","meta":{"site-sidebar-layout":"no-sidebar","site-content-layout":"page-builder","ast-site-content-layout":"full-width-container","site-content-style":"unboxed","site-sidebar-style":"unboxed","ast-global-header-display":"","ast-banner-title-visibility":"","ast-main-header-display":"","ast-hfb-above-header-display":"","ast-hfb-below-header-display":"","ast-hfb-mobile-header-display":"","site-post-title":"disabled","ast-breadcrumbs-content":"","ast-featured-img":"disabled","footer-sml-layout":"","theme-transparent-header-meta":"enabled","adv-header-id-meta":"","stick-header-meta":"","header-above-stick-meta":"","header-main-stick-meta":"","header-below-stick-meta":"","astra-migrate-meta-layouts":"set","ast-page-background-enabled":"default","ast-page-background-meta":{"desktop":{"background-color":"","background-image":"","background-repeat":"repeat","background-position":"center center","background-size":"auto","background-attachment":"scroll","background-type":"","background-media":"","overlay-type":"","overlay-color":"","overlay-opacity":"","overlay-gradient":""},"tablet":{"background-color":"","background-image":"","background-repeat":"repeat","background-position":"center center","background-size":"auto","background-attachment":"scroll","background-type":"","background-media":"","overlay-type":"","overlay-color":"","overlay-opacity":"","overlay-gradient":""},"mobile":{"background-color":"","background-image":"","background-repeat":"repeat","background-position":"center center","background-size":"auto","background-attachment":"scroll","background-type":"","background-media":"","overlay-type":"","overlay-color":"","overlay-opacity":"","overlay-gradient":""}},"ast-content-background-meta":{"desktop":{"background-color":"var(--ast-global-color-5)","background-image":"","background-repeat":"repeat","background-position":"center center","background-size":"auto","background-attachment":"scroll","background-type":"","background-media":"","overlay-type":"","overlay-color":"","overlay-opacity":"","overlay-gradient":""},"tablet":{"background-color":"var(--ast-global-color-5)","background-image":"","background-repeat":"repeat","background-position":"center center","background-size":"auto","background-attachment":"scroll","background-type":"","background-media":"","overlay-type":"","overlay-color":"","overlay-opacity":"","overlay-gradient":""},"mobile":{"background-color":"var(--ast-global-color-5)","background-image":"","background-repeat":"repeat","background-position":"center center","background-size":"auto","background-attachment":"scroll","background-type":"","background-media":"","overlay-type":"","overlay-color":"","overlay-opacity":"","overlay-gradient":""}},"footnotes":""},"class_list":["post-7","page","type-page","status-publish","hentry"],"aioseo_notices":[],"_links":{"self":[{"href":"https:\/\/ateneaintercambios.com\/en\/wp-json\/wp\/v2\/pages\/7","targetHints":{"allow":["GET"]}}],"collection":[{"href":"https:\/\/ateneaintercambios.com\/en\/wp-json\/wp\/v2\/pages"}],"about":[{"href":"https:\/\/ateneaintercambios.com\/en\/wp-json\/wp\/v2\/types\/page"}],"author":[{"embeddable":true,"href":"https:\/\/ateneaintercambios.com\/en\/wp-json\/wp\/v2\/users\/1"}],"replies":[{"embeddable":true,"href":"https:\/\/ateneaintercambios.com\/en\/wp-json\/wp\/v2\/comments?post=7"}],"version-history":[{"count":5,"href":"https:\/\/ateneaintercambios.com\/en\/wp-json\/wp\/v2\/pages\/7\/revisions"}],"predecessor-version":[{"id":3401,"href":"https:\/\/ateneaintercambios.com\/en\/wp-json\/wp\/v2\/pages\/7\/revisions\/3401"}],"wp:attachment":[{"href":"https:\/\/ateneaintercambios.com\/en\/wp-json\/wp\/v2\/media?parent=7"}],"curies":[{"name":"wp","href":"https:\/\/api.w.org\/{rel}","templated":true}]}}