{"id":1227,"date":"2025-03-19T20:31:43","date_gmt":"2025-03-19T19:31:43","guid":{"rendered":"https:\/\/ateneaintercambios.com\/?page_id=1227"},"modified":"2025-12-26T19:02:51","modified_gmt":"2025-12-26T18:02:51","slug":"au-pair","status":"publish","type":"page","link":"https:\/\/ateneaintercambios.com\/en\/au-pair\/","title":{"rendered":"Au Pair"},"content":{"rendered":"<div data-elementor-type=\"wp-post\" data-elementor-id=\"1227\" class=\"elementor elementor-1227\">\n\t\t\t\t<div class=\"elementor-element elementor-element-627553f e-flex e-con-boxed e-con e-parent\" data-id=\"627553f\" data-element_type=\"container\" data-settings=\"{&quot;background_background&quot;:&quot;classic&quot;}\">\n\t\t\t\t\t<div class=\"e-con-inner\">\n\t\t<div class=\"elementor-element elementor-element-422be9b e-con-full e-flex e-con e-child\" data-id=\"422be9b\" data-element_type=\"container\">\n\t\t\t\t<div class=\"elementor-element elementor-element-e4b4478 elementor-widget elementor-widget-heading\" data-id=\"e4b4478\" data-element_type=\"widget\" data-widget_type=\"heading.default\">\n\t\t\t\t<div class=\"elementor-widget-container\">\n\t\t\t\t\t<h1 class=\"elementor-heading-title elementor-size-default\">Au Pair <\/h1>\t\t\t\t<\/div>\n\t\t\t\t<\/div>\n\t\t\t\t<\/div>\n\t\t\t\t\t<\/div>\n\t\t\t\t<\/div>\n\t\t<div class=\"elementor-element elementor-element-2597cc7 e-flex e-con-boxed e-con e-parent\" data-id=\"2597cc7\" data-element_type=\"container\">\n\t\t\t\t\t<div class=\"e-con-inner\">\n\t\t\t\t<div class=\"elementor-element elementor-element-0ecabbc elementor-widget elementor-widget-spacer\" data-id=\"0ecabbc\" data-element_type=\"widget\" data-widget_type=\"spacer.default\">\n\t\t\t\t<div class=\"elementor-widget-container\">\n\t\t\t\t\t\t\t<div class=\"elementor-spacer\">\n\t\t\t<div class=\"elementor-spacer-inner\"><\/div>\n\t\t<\/div>\n\t\t\t\t\t\t<\/div>\n\t\t\t\t<\/div>\n\t\t\t\t\t<\/div>\n\t\t\t\t<\/div>\n\t\t<div class=\"elementor-element elementor-element-004a061 e-flex e-con-boxed e-con e-parent\" data-id=\"004a061\" data-element_type=\"container\">\n\t\t\t\t\t<div class=\"e-con-inner\">\n\t\t\t\t<div class=\"elementor-element elementor-element-44c0609 elementor-widget elementor-widget-heading\" data-id=\"44c0609\" data-element_type=\"widget\" data-widget_type=\"heading.default\">\n\t\t\t\t<div class=\"elementor-widget-container\">\n\t\t\t\t\t<h5 class=\"elementor-heading-title elementor-size-default\">Travel &amp; Learn<\/h5>\t\t\t\t<\/div>\n\t\t\t\t<\/div>\n\t\t\t\t<div class=\"elementor-element elementor-element-e21f846 elementor-widget elementor-widget-heading\" data-id=\"e21f846\" data-element_type=\"widget\" data-widget_type=\"heading.default\">\n\t\t\t\t<div class=\"elementor-widget-container\">\n\t\t\t\t\t<h2 class=\"elementor-heading-title elementor-size-default\">Live a One-of-a-Kind Experience<\/h2>\t\t\t\t<\/div>\n\t\t\t\t<\/div>\n\t\t\t\t<div class=\"elementor-element elementor-element-0d1e38f elementor-widget elementor-widget-spacer\" data-id=\"0d1e38f\" data-element_type=\"widget\" data-widget_type=\"spacer.default\">\n\t\t\t\t<div class=\"elementor-widget-container\">\n\t\t\t\t\t\t\t<div class=\"elementor-spacer\">\n\t\t\t<div class=\"elementor-spacer-inner\"><\/div>\n\t\t<\/div>\n\t\t\t\t\t\t<\/div>\n\t\t\t\t<\/div>\n\t\t\t\t\t<\/div>\n\t\t\t\t<\/div>\n\t\t<div class=\"elementor-element elementor-element-d59b7ee e-flex e-con-boxed e-con e-parent\" data-id=\"d59b7ee\" data-element_type=\"container\">\n\t\t\t\t\t<div class=\"e-con-inner\">\n\t\t<div class=\"elementor-element elementor-element-14fb8a9 e-con-full e-flex e-con e-child\" data-id=\"14fb8a9\" data-element_type=\"container\">\n\t\t\t\t<div class=\"elementor-element elementor-element-7edcecc elementor-widget elementor-widget-image-box\" data-id=\"7edcecc\" data-element_type=\"widget\" data-widget_type=\"image-box.default\">\n\t\t\t\t<div class=\"elementor-widget-container\">\n\t\t\t\t\t<div class=\"elementor-image-box-wrapper\"><div class=\"elementor-image-box-content\"><h2 class=\"elementor-image-box-title\">Au Pair<\/h2><p class=\"elementor-image-box-description\">Atenea\u2019s Au Pair \u2013 USA Program is designed for young women who have a passion for childcare. This program offers the opportunity to live for a full year with an American host family, where they will be welcomed as a family member, take part in daily activities, and assist with child care. In return, they receive a stipend and the chance to enroll in a free-choice course at a college or university.<\/p><\/div><\/div>\t\t\t\t<\/div>\n\t\t\t\t<\/div>\n\t\t\t\t<div class=\"elementor-element elementor-element-0d0ac00 elementor-widget elementor-widget-text-editor\" data-id=\"0d0ac00\" data-element_type=\"widget\" data-widget_type=\"text-editor.default\">\n\t\t\t\t<div class=\"elementor-widget-container\">\n\t\t\t\t\t\t\t\t\t<p>The program aims to promote cultural exchange by sharing ideas, traditions, and customs between different countries.<\/p>\t\t\t\t\t\t\t\t<\/div>\n\t\t\t\t<\/div>\n\t\t\t\t<\/div>\n\t\t<div class=\"elementor-element elementor-element-6e14655 e-con-full e-flex e-con e-child\" data-id=\"6e14655\" data-element_type=\"container\">\n\t\t\t\t<div class=\"elementor-element elementor-element-546cc9a elementor-widget elementor-widget-image\" data-id=\"546cc9a\" data-element_type=\"widget\" data-widget_type=\"image.default\">\n\t\t\t\t<div class=\"elementor-widget-container\">\n\t\t\t\t\t\t\t\t\t\t\t\t\t\t\t<img fetchpriority=\"high\" decoding=\"async\" width=\"800\" height=\"800\" src=\"https:\/\/ateneaintercambios.com\/wp-content\/uploads\/2025\/03\/2WCVGUT62JEWJCLYKISNKWIBZI12.jpg\" class=\"attachment-full size-full wp-image-1611\" alt=\"\" srcset=\"https:\/\/ateneaintercambios.com\/wp-content\/uploads\/2025\/03\/2WCVGUT62JEWJCLYKISNKWIBZI12.jpg 800w, https:\/\/ateneaintercambios.com\/wp-content\/uploads\/2025\/03\/2WCVGUT62JEWJCLYKISNKWIBZI12-300x300.jpg 300w, https:\/\/ateneaintercambios.com\/wp-content\/uploads\/2025\/03\/2WCVGUT62JEWJCLYKISNKWIBZI12-150x150.jpg 150w, https:\/\/ateneaintercambios.com\/wp-content\/uploads\/2025\/03\/2WCVGUT62JEWJCLYKISNKWIBZI12-768x768.jpg 768w\" sizes=\"(max-width: 800px) 100vw, 800px\" \/>\t\t\t\t\t\t\t\t\t\t\t\t\t\t\t<\/div>\n\t\t\t\t<\/div>\n\t\t\t\t<\/div>\n\t\t\t\t\t<\/div>\n\t\t\t\t<\/div>\n\t\t<div class=\"elementor-element elementor-element-3647a85 e-con-full e-flex e-con e-child\" data-id=\"3647a85\" data-element_type=\"container\">\n\t\t\t\t<div class=\"elementor-element elementor-element-e2505a0 elementor-widget elementor-widget-elementskit-accordion\" data-id=\"e2505a0\" data-element_type=\"widget\" data-widget_type=\"elementskit-accordion.default\">\n\t\t\t\t<div class=\"elementor-widget-container\">\n\t\t\t\t\t<div class=\"ekit-wid-con\" >\n        <div class=\"elementskit-accordion floating-style\" id=\"accordion-69e05b1d97a76\">\n\n            \n                <div class=\"elementskit-card active\">\n                    <div class=\"elementskit-card-header\" id=\"primaryHeading-0-e2505a0\">\n                        <a href=\"#collapse-14514dc69e05b1d97a76\" class=\"ekit-accordion--toggler elementskit-btn-link collapsed\" data-ekit-toggle=\"collapse\" data-target=\"#Collapse-14514dc69e05b1d97a76\" aria-expanded=\"true\" aria-controls=\"Collapse-14514dc69e05b1d97a76\">\n                            \n                            <span class=\"ekit-accordion-title\">Eligibility Criteria<\/span>\n\n                            \n                                <div class=\"ekit_accordion_icon_group\">\n                                    <div class=\"ekit_accordion_normal_icon\">\n                                        <!-- Normal Icon -->\n\t\t\t\t\t\t\t\t\t\t                                    <\/div>\n\n                                    <div class=\"ekit_accordion_active_icon\">\n                                        <!-- Active Icon -->\n\t\t\t\t\t\t\t\t\t\t                                    <\/div>\n                                <\/div>\n\n                            \n                                                    <\/a>\n                    <\/div>\n\n                    <div id=\"Collapse-14514dc69e05b1d97a76\" class=\"show collapse\" aria-labelledby=\"primaryHeading-0-e2505a0\" data-parent=\"#accordion-69e05b1d97a76\">\n\n                        <div class=\"elementskit-card-body ekit-accordion--content\">\n                            <ul><li class=\"_04xlpA direction-ltr align-center para-style-body\"><span class=\"JsGRdQ\">Be between 18 and 26 years old.<br \/><\/span><\/li><li class=\"_04xlpA direction-ltr align-center para-style-body\"><span class=\"JsGRdQ\">Be single, childless, and a non-smoker.<\/span><\/li><li class=\"_04xlpA direction-ltr align-center para-style-body\"><span class=\"JsGRdQ\">Intermediate English proficiency.<\/span><\/li><li class=\"_04xlpA direction-ltr align-center para-style-body\"><span class=\"JsGRdQ\">Have a passion for childcare.<\/span><\/li><\/ul>                        <\/div>\n\n                    <\/div>\n\n                <\/div><!-- .elementskit-card END -->\n\n                \n                <div class=\"elementskit-card\">\n                    <div class=\"elementskit-card-header\" id=\"primaryHeading-1-e2505a0\">\n                        <a href=\"#collapse-35c8fe469e05b1d97a76\" class=\"ekit-accordion--toggler elementskit-btn-link collapsed\" data-ekit-toggle=\"collapse\" data-target=\"#Collapse-35c8fe469e05b1d97a76\" aria-expanded=\"false\" aria-controls=\"Collapse-35c8fe469e05b1d97a76\">\n                            \n                            <span class=\"ekit-accordion-title\">What\u2019s Included in the Program?<\/span>\n\n                            \n                                <div class=\"ekit_accordion_icon_group\">\n                                    <div class=\"ekit_accordion_normal_icon\">\n                                        <!-- Normal Icon -->\n\t\t\t\t\t\t\t\t\t\t                                    <\/div>\n\n                                    <div class=\"ekit_accordion_active_icon\">\n                                        <!-- Active Icon -->\n\t\t\t\t\t\t\t\t\t\t                                    <\/div>\n                                <\/div>\n\n                            \n                                                    <\/a>\n                    <\/div>\n\n                    <div id=\"Collapse-35c8fe469e05b1d97a76\" class=\"collapse\" aria-labelledby=\"primaryHeading-1-e2505a0\" data-parent=\"#accordion-69e05b1d97a76\">\n\n                        <div class=\"elementskit-card-body ekit-accordion--content\">\n                            <ul><li>DS-2019 Form, required for obtaining the J-1 Visa.<\/li><li>Round-trip airfare: Peru \u2013 USA \u2013 Peru.<\/li><li>Full accommodation and meals for one or two years.<\/li><li>Propina semanal promedio de US$ 200.<\/li><li>Enrollment in a university or higher education institution.<\/li><li>Guidance for the interview at the U.S. Embassy.<\/li><li>Year-round support from a Local Area Representative in the United States.<\/li><li>P\u00f3liza de Seguro b\u00e1sico que cubre gastos m\u00e9dicos y de accidentes..<\/li><li>One and a half days off per week and one full weekend off per month.<\/li><li>Two weeks of paid vacation.<\/li><li>Certificate of participation issued by Atenea.<\/li><\/ul>                        <\/div>\n\n                    <\/div>\n\n                <\/div><!-- .elementskit-card END -->\n\n                \n                <div class=\"elementskit-card\">\n                    <div class=\"elementskit-card-header\" id=\"primaryHeading-2-e2505a0\">\n                        <a href=\"#collapse-c29457c69e05b1d97a76\" class=\"ekit-accordion--toggler elementskit-btn-link collapsed\" data-ekit-toggle=\"collapse\" data-target=\"#Collapse-c29457c69e05b1d97a76\" aria-expanded=\"false\" aria-controls=\"Collapse-c29457c69e05b1d97a76\">\n                            \n                            <span class=\"ekit-accordion-title\">How Do I Start My Application?<\/span>\n\n                            \n                                <div class=\"ekit_accordion_icon_group\">\n                                    <div class=\"ekit_accordion_normal_icon\">\n                                        <!-- Normal Icon -->\n\t\t\t\t\t\t\t\t\t\t                                    <\/div>\n\n                                    <div class=\"ekit_accordion_active_icon\">\n                                        <!-- Active Icon -->\n\t\t\t\t\t\t\t\t\t\t                                    <\/div>\n                                <\/div>\n\n                            \n                                                    <\/a>\n                    <\/div>\n\n                    <div id=\"Collapse-c29457c69e05b1d97a76\" class=\"collapse\" aria-labelledby=\"primaryHeading-2-e2505a0\" data-parent=\"#accordion-69e05b1d97a76\">\n\n                        <div class=\"elementskit-card-body ekit-accordion--content\">\n                            <ul><li>Schedule your info session via WhatsApp.<\/li><li>Programa tu evaluaci\u00f3n de ingl\u00e9s v\u00eda WhatsApp (la evaluaci\u00f3n de ingl\u00e9s no tiene costo).<\/li><li>Once you pass the English assessment, you can enroll in the program.<\/li><\/ul>                        <\/div>\n\n                    <\/div>\n\n                <\/div><!-- .elementskit-card END -->\n\n                                        <\/div>\n    <\/div>\t\t\t\t<\/div>\n\t\t\t\t<\/div>\n\t\t\t\t<\/div>\n\t\t<div class=\"elementor-element elementor-element-30fae3f e-flex e-con-boxed e-con e-parent\" data-id=\"30fae3f\" data-element_type=\"container\">\n\t\t\t\t\t<div class=\"e-con-inner\">\n\t\t\t\t<div class=\"elementor-element elementor-element-76caf2d elementor-widget elementor-widget-spacer\" data-id=\"76caf2d\" data-element_type=\"widget\" data-widget_type=\"spacer.default\">\n\t\t\t\t<div class=\"elementor-widget-container\">\n\t\t\t\t\t\t\t<div class=\"elementor-spacer\">\n\t\t\t<div class=\"elementor-spacer-inner\"><\/div>\n\t\t<\/div>\n\t\t\t\t\t\t<\/div>\n\t\t\t\t<\/div>\n\t\t\t\t\t<\/div>\n\t\t\t\t<\/div>\n\t\t<div class=\"elementor-element elementor-element-7c7721bd e-flex e-con-boxed e-con e-parent\" data-id=\"7c7721bd\" data-element_type=\"container\" data-settings=\"{&quot;background_background&quot;:&quot;classic&quot;}\">\n\t\t\t\t\t<div class=\"e-con-inner\">\n\t\t<div class=\"elementor-element elementor-element-539fb73c e-con-full e-flex e-con e-child\" data-id=\"539fb73c\" data-element_type=\"container\">\n\t\t\t\t<div class=\"elementor-element elementor-element-5e8820c9 elementor-widget elementor-widget-heading\" data-id=\"5e8820c9\" data-element_type=\"widget\" data-widget_type=\"heading.default\">\n\t\t\t\t<div class=\"elementor-widget-container\">\n\t\t\t\t\t<h2 class=\"elementor-heading-title elementor-size-default\">Benefits<\/h2>\t\t\t\t<\/div>\n\t\t\t\t<\/div>\n\t\t<div class=\"elementor-element elementor-element-12d6145d e-con-full e-flex e-con e-child\" data-id=\"12d6145d\" data-element_type=\"container\">\n\t\t<div class=\"elementor-element elementor-element-5db300d5 e-con-full e-flex e-con e-child\" data-id=\"5db300d5\" data-element_type=\"container\">\n\t\t\t\t<div class=\"elementor-element elementor-element-27555369 elementor-widget elementor-widget-image-box\" data-id=\"27555369\" data-element_type=\"widget\" data-widget_type=\"image-box.default\">\n\t\t\t\t<div class=\"elementor-widget-container\">\n\t\t\t\t\t<div class=\"elementor-image-box-wrapper\"><div class=\"elementor-image-box-content\"><h4 class=\"elementor-image-box-title\"> Housing and meals included.<\/h4><p class=\"elementor-image-box-description\">Live with a host family without worrying about housing or food expenses.<\/p><\/div><\/div>\t\t\t\t<\/div>\n\t\t\t\t<\/div>\n\t\t\t\t<div class=\"elementor-element elementor-element-78248ca9 elementor-widget elementor-widget-image-box\" data-id=\"78248ca9\" data-element_type=\"widget\" data-widget_type=\"image-box.default\">\n\t\t\t\t<div class=\"elementor-widget-container\">\n\t\t\t\t\t<div class=\"elementor-image-box-wrapper\"><div class=\"elementor-image-box-content\"><h4 class=\"elementor-image-box-title\">Scholarship for studies:<\/h4><p class=\"elementor-image-box-description\">Receive financial support to study at a local university or institute, expanding your knowledge and academic opportunities.<\/p><\/div><\/div>\t\t\t\t<\/div>\n\t\t\t\t<\/div>\n\t\t\t\t<\/div>\n\t\t<div class=\"elementor-element elementor-element-5f7c46bb e-con-full e-flex e-con e-child\" data-id=\"5f7c46bb\" data-element_type=\"container\">\n\t\t\t\t<div class=\"elementor-element elementor-element-7ad7a8cf elementor-widget elementor-widget-image-box\" data-id=\"7ad7a8cf\" data-element_type=\"widget\" data-widget_type=\"image-box.default\">\n\t\t\t\t<div class=\"elementor-widget-container\">\n\t\t\t\t\t<div class=\"elementor-image-box-wrapper\"><div class=\"elementor-image-box-content\"><h4 class=\"elementor-image-box-title\">Weekly salary <\/h4><p class=\"elementor-image-box-description\">Earn a weekly stipend while working as an Au Pair, allowing you to save money and enjoy recreational activities.<\/p><\/div><\/div>\t\t\t\t<\/div>\n\t\t\t\t<\/div>\n\t\t\t\t<div class=\"elementor-element elementor-element-48c4106 elementor-widget elementor-widget-image-box\" data-id=\"48c4106\" data-element_type=\"widget\" data-widget_type=\"image-box.default\">\n\t\t\t\t<div class=\"elementor-widget-container\">\n\t\t\t\t\t<div class=\"elementor-image-box-wrapper\"><div class=\"elementor-image-box-content\"><h4 class=\"elementor-image-box-title\">Enhance your personal skills: <\/h4><p class=\"elementor-image-box-description\">Learn about child care, managing responsibilities, and conflict resolution in a family environment.<\/p><\/div><\/div>\t\t\t\t<\/div>\n\t\t\t\t<\/div>\n\t\t\t\t<\/div>\n\t\t\t\t<\/div>\n\t\t\t\t<\/div>\n\t\t\t\t\t<\/div>\n\t\t\t\t<\/div>\n\t\t<div class=\"elementor-element elementor-element-2e7f2ca e-flex e-con-boxed e-con e-parent\" data-id=\"2e7f2ca\" data-element_type=\"container\" data-settings=\"{&quot;background_background&quot;:&quot;classic&quot;}\">\n\t\t\t\t\t<div class=\"e-con-inner\">\n\t\t<div class=\"elementor-element elementor-element-6dfd2d1 e-con-full e-flex e-con e-child\" data-id=\"6dfd2d1\" data-element_type=\"container\">\n\t\t\t\t<div class=\"elementor-element elementor-element-4407460 elementor-widget elementor-widget-heading\" data-id=\"4407460\" data-element_type=\"widget\" data-widget_type=\"heading.default\">\n\t\t\t\t<div class=\"elementor-widget-container\">\n\t\t\t\t\t<h3 class=\"elementor-heading-title elementor-size-default\">If you want more information, message us on WhatsApp.  <\/h3>\t\t\t\t<\/div>\n\t\t\t\t<\/div>\n\t\t\t\t<\/div>\n\t\t<div class=\"elementor-element elementor-element-efe25d8 e-con-full e-flex e-con e-child\" data-id=\"efe25d8\" data-element_type=\"container\">\n\t\t\t\t<div class=\"elementor-element elementor-element-1659537 elementor-align-center elementor-mobile-align-center elementor-widget elementor-widget-button\" data-id=\"1659537\" data-element_type=\"widget\" data-widget_type=\"button.default\">\n\t\t\t\t<div class=\"elementor-widget-container\">\n\t\t\t\t\t\t\t\t\t<div class=\"elementor-button-wrapper\">\n\t\t\t\t\t<a class=\"elementor-button elementor-button-link elementor-size-sm\" href=\"https:\/\/linktr.ee\/ateneawt?utm_source=ig&#038;utm_medium=social&#038;utm_content=link_in_bio&#038;fbclid=PAZXh0bgNhZW0CMTEAc3J0YwZhcHBfaWQMMjU2MjgxMDQwNTU4AAGng0umYpKimvBDGkas5DzEfKhR9dNQ2-aEejMjOKaTIOIPnF5kUdKjOWXV1Pc_aem_uSWxi_KfXPyWH1yZc-bncA\">\n\t\t\t\t\t\t<span class=\"elementor-button-content-wrapper\">\n\t\t\t\t\t\t\t\t\t<span class=\"elementor-button-text\">Whatsapp<\/span>\n\t\t\t\t\t<\/span>\n\t\t\t\t\t<\/a>\n\t\t\t\t<\/div>\n\t\t\t\t\t\t\t\t<\/div>\n\t\t\t\t<\/div>\n\t\t\t\t<\/div>\n\t\t\t\t\t<\/div>\n\t\t\t\t<\/div>\n\t\t\t\t<\/div>","protected":false},"excerpt":{"rendered":"<p>Au Pair Viaja y aprende Vive una experiencia \u00fanica Au Pair El Programa Au Pair \u2013 USA de Atenea est\u00e1 dirigido a j\u00f3venes se\u00f1oritas con vocaci\u00f3n por el cuidado de ni\u00f1os. Este Programa brinda la posibilidad de vivir durante todo un a\u00f1o en un hogar norteamericano, en el que ser\u00e1n recibidas como un miembro de [&hellip;]<\/p>","protected":false},"author":1,"featured_media":0,"parent":0,"menu_order":0,"comment_status":"closed","ping_status":"closed","template":"","meta":{"site-sidebar-layout":"no-sidebar","site-content-layout":"page-builder","ast-site-content-layout":"full-width-container","site-content-style":"unboxed","site-sidebar-style":"unboxed","ast-global-header-display":"","ast-banner-title-visibility":"","ast-main-header-display":"","ast-hfb-above-header-display":"","ast-hfb-below-header-display":"","ast-hfb-mobile-header-display":"","site-post-title":"disabled","ast-breadcrumbs-content":"","ast-featured-img":"disabled","footer-sml-layout":"","theme-transparent-header-meta":"enabled","adv-header-id-meta":"","stick-header-meta":"","header-above-stick-meta":"","header-main-stick-meta":"","header-below-stick-meta":"","astra-migrate-meta-layouts":"set","ast-page-background-enabled":"default","ast-page-background-meta":{"desktop":{"background-color":"","background-image":"","background-repeat":"repeat","background-position":"center center","background-size":"auto","background-attachment":"scroll","background-type":"","background-media":"","overlay-type":"","overlay-color":"","overlay-opacity":"","overlay-gradient":""},"tablet":{"background-color":"","background-image":"","background-repeat":"repeat","background-position":"center center","background-size":"auto","background-attachment":"scroll","background-type":"","background-media":"","overlay-type":"","overlay-color":"","overlay-opacity":"","overlay-gradient":""},"mobile":{"background-color":"","background-image":"","background-repeat":"repeat","background-position":"center center","background-size":"auto","background-attachment":"scroll","background-type":"","background-media":"","overlay-type":"","overlay-color":"","overlay-opacity":"","overlay-gradient":""}},"ast-content-background-meta":{"desktop":{"background-color":"var(--ast-global-color-5)","background-image":"","background-repeat":"repeat","background-position":"center center","background-size":"auto","background-attachment":"scroll","background-type":"","background-media":"","overlay-type":"","overlay-color":"","overlay-opacity":"","overlay-gradient":""},"tablet":{"background-color":"var(--ast-global-color-5)","background-image":"","background-repeat":"repeat","background-position":"center center","background-size":"auto","background-attachment":"scroll","background-type":"","background-media":"","overlay-type":"","overlay-color":"","overlay-opacity":"","overlay-gradient":""},"mobile":{"background-color":"var(--ast-global-color-5)","background-image":"","background-repeat":"repeat","background-position":"center center","background-size":"auto","background-attachment":"scroll","background-type":"","background-media":"","overlay-type":"","overlay-color":"","overlay-opacity":"","overlay-gradient":""}},"footnotes":""},"class_list":["post-1227","page","type-page","status-publish","hentry"],"aioseo_notices":[],"_links":{"self":[{"href":"https:\/\/ateneaintercambios.com\/en\/wp-json\/wp\/v2\/pages\/1227","targetHints":{"allow":["GET"]}}],"collection":[{"href":"https:\/\/ateneaintercambios.com\/en\/wp-json\/wp\/v2\/pages"}],"about":[{"href":"https:\/\/ateneaintercambios.com\/en\/wp-json\/wp\/v2\/types\/page"}],"author":[{"embeddable":true,"href":"https:\/\/ateneaintercambios.com\/en\/wp-json\/wp\/v2\/users\/1"}],"replies":[{"embeddable":true,"href":"https:\/\/ateneaintercambios.com\/en\/wp-json\/wp\/v2\/comments?post=1227"}],"version-history":[{"count":5,"href":"https:\/\/ateneaintercambios.com\/en\/wp-json\/wp\/v2\/pages\/1227\/revisions"}],"predecessor-version":[{"id":3404,"href":"https:\/\/ateneaintercambios.com\/en\/wp-json\/wp\/v2\/pages\/1227\/revisions\/3404"}],"wp:attachment":[{"href":"https:\/\/ateneaintercambios.com\/en\/wp-json\/wp\/v2\/media?parent=1227"}],"curies":[{"name":"wp","href":"https:\/\/api.w.org\/{rel}","templated":true}]}}