{"id":1029,"date":"2025-03-12T23:19:15","date_gmt":"2025-03-12T22:19:15","guid":{"rendered":"https:\/\/ateneaintercambios.com\/projects\/"},"modified":"2025-03-29T16:14:09","modified_gmt":"2025-03-29T15:14:09","slug":"galeria","status":"publish","type":"page","link":"https:\/\/ateneaintercambios.com\/en\/galeria\/","title":{"rendered":"Galeria"},"content":{"rendered":"<div data-elementor-type=\"wp-post\" data-elementor-id=\"1029\" class=\"elementor elementor-1029\">\n\t\t\t\t<div class=\"elementor-element elementor-element-a7d7892 e-flex e-con-boxed e-con e-parent\" data-id=\"a7d7892\" data-element_type=\"container\" data-settings=\"{&quot;background_background&quot;:&quot;classic&quot;}\">\n\t\t\t\t\t<div class=\"e-con-inner\">\n\t\t<div class=\"elementor-element elementor-element-4e3e72b e-con-full e-flex e-con e-child\" data-id=\"4e3e72b\" data-element_type=\"container\">\n\t\t\t\t<div class=\"elementor-element elementor-element-cb20d84 elementor-widget elementor-widget-heading\" data-id=\"cb20d84\" data-element_type=\"widget\" data-widget_type=\"heading.default\">\n\t\t\t\t<div class=\"elementor-widget-container\">\n\t\t\t\t\t<h1 class=\"elementor-heading-title elementor-size-default\">Gallery<\/h1>\t\t\t\t<\/div>\n\t\t\t\t<\/div>\n\t\t\t\t<\/div>\n\t\t\t\t\t<\/div>\n\t\t\t\t<\/div>\n\t\t<div class=\"elementor-element elementor-element-6798cd3 e-con-full e-flex e-con e-parent\" data-id=\"6798cd3\" data-element_type=\"container\">\n\t\t\t\t<div class=\"elementor-element elementor-element-b472c91 elementor-widget elementor-widget-image-gallery\" data-id=\"b472c91\" data-element_type=\"widget\" data-widget_type=\"image-gallery.default\">\n\t\t\t\t<div class=\"elementor-widget-container\">\n\t\t\t\t\t\t\t<div class=\"elementor-image-gallery\">\n\t\t\t<div id='gallery-1' class='gallery galleryid-1029 gallery-columns-3 gallery-size-2048x2048'><figure class='gallery-item'>\n\t\t\t<div class='gallery-icon portrait'>\n\t\t\t\t<a data-elementor-open-lightbox=\"yes\" data-elementor-lightbox-slideshow=\"b472c91\" data-elementor-lightbox-title=\"NEW YORK\" data-e-action-hash=\"#elementor-action%3Aaction%3Dlightbox%26settings%3DeyJpZCI6MTM1MywidXJsIjoiaHR0cHM6XC9cL2F0ZW5lYWludGVyY2FtYmlvcy5jb21cL3dwLWNvbnRlbnRcL3VwbG9hZHNcLzIwMjVcLzAzXC9Sb2xhbmRvLU9ydGVjaG8tTlkuanBnIiwic2xpZGVzaG93IjoiYjQ3MmM5MSJ9\" href='https:\/\/ateneaintercambios.com\/wp-content\/uploads\/2025\/03\/Rolando-Ortecho-NY.jpg'><img fetchpriority=\"high\" decoding=\"async\" width=\"768\" height=\"960\" src=\"https:\/\/ateneaintercambios.com\/wp-content\/uploads\/2025\/03\/Rolando-Ortecho-NY.jpg\" class=\"attachment-2048x2048 size-2048x2048\" alt=\"\" srcset=\"https:\/\/ateneaintercambios.com\/wp-content\/uploads\/2025\/03\/Rolando-Ortecho-NY.jpg 768w, https:\/\/ateneaintercambios.com\/wp-content\/uploads\/2025\/03\/Rolando-Ortecho-NY-240x300.jpg 240w\" sizes=\"(max-width: 768px) 100vw, 768px\" \/><\/a>\n\t\t\t<\/div><\/figure><figure class='gallery-item'>\n\t\t\t<div class='gallery-icon portrait'>\n\t\t\t\t<a data-elementor-open-lightbox=\"yes\" data-elementor-lightbox-slideshow=\"b472c91\" data-elementor-lightbox-title=\"VERMONT\" data-e-action-hash=\"#elementor-action%3Aaction%3Dlightbox%26settings%3DeyJpZCI6MTM0NywidXJsIjoiaHR0cHM6XC9cL2F0ZW5lYWludGVyY2FtYmlvcy5jb21cL3dwLWNvbnRlbnRcL3VwbG9hZHNcLzIwMjVcLzAzXC9GZXJuYW5kYS1WZXJnYXJhLTEuanBnIiwic2xpZGVzaG93IjoiYjQ3MmM5MSJ9\" href='https:\/\/ateneaintercambios.com\/wp-content\/uploads\/2025\/03\/Fernanda-Vergara-1.jpg'><img decoding=\"async\" width=\"768\" height=\"960\" src=\"https:\/\/ateneaintercambios.com\/wp-content\/uploads\/2025\/03\/Fernanda-Vergara-1.jpg\" class=\"attachment-2048x2048 size-2048x2048\" alt=\"\" srcset=\"https:\/\/ateneaintercambios.com\/wp-content\/uploads\/2025\/03\/Fernanda-Vergara-1.jpg 768w, https:\/\/ateneaintercambios.com\/wp-content\/uploads\/2025\/03\/Fernanda-Vergara-1-240x300.jpg 240w\" sizes=\"(max-width: 768px) 100vw, 768px\" \/><\/a>\n\t\t\t<\/div><\/figure><figure class='gallery-item'>\n\t\t\t<div class='gallery-icon portrait'>\n\t\t\t\t<a data-elementor-open-lightbox=\"yes\" data-elementor-lightbox-slideshow=\"b472c91\" data-elementor-lightbox-title=\"ALASKA\" data-e-action-hash=\"#elementor-action%3Aaction%3Dlightbox%26settings%3DeyJpZCI6MTM0NiwidXJsIjoiaHR0cHM6XC9cL2F0ZW5lYWludGVyY2FtYmlvcy5jb21cL3dwLWNvbnRlbnRcL3VwbG9hZHNcLzIwMjVcLzAzXC9hcmFjZWx5LWFsYXNrLTMuanBnIiwic2xpZGVzaG93IjoiYjQ3MmM5MSJ9\" href='https:\/\/ateneaintercambios.com\/wp-content\/uploads\/2025\/03\/aracely-alask-3.jpg'><img decoding=\"async\" width=\"774\" height=\"1032\" src=\"https:\/\/ateneaintercambios.com\/wp-content\/uploads\/2025\/03\/aracely-alask-3.jpg\" class=\"attachment-2048x2048 size-2048x2048\" alt=\"\" srcset=\"https:\/\/ateneaintercambios.com\/wp-content\/uploads\/2025\/03\/aracely-alask-3.jpg 774w, https:\/\/ateneaintercambios.com\/wp-content\/uploads\/2025\/03\/aracely-alask-3-225x300.jpg 225w, https:\/\/ateneaintercambios.com\/wp-content\/uploads\/2025\/03\/aracely-alask-3-768x1024.jpg 768w\" sizes=\"(max-width: 774px) 100vw, 774px\" \/><\/a>\n\t\t\t<\/div><\/figure><figure class='gallery-item'>\n\t\t\t<div class='gallery-icon portrait'>\n\t\t\t\t<a data-elementor-open-lightbox=\"yes\" data-elementor-lightbox-slideshow=\"b472c91\" data-elementor-lightbox-title=\"FLORIDA - DISNEY\" data-e-action-hash=\"#elementor-action%3Aaction%3Dlightbox%26settings%3DeyJpZCI6MTA2OSwidXJsIjoiaHR0cHM6XC9cL2F0ZW5lYWludGVyY2FtYmlvcy5jb21cL3dwLWNvbnRlbnRcL3VwbG9hZHNcLzIwMjVcLzAzXC9rYXJsYS10b2xlZG8tRkwtMi0xLWUxNzQzMjYxMDkzODg0LmpwZyIsInNsaWRlc2hvdyI6ImI0NzJjOTEifQ%3D%3D\" href='https:\/\/ateneaintercambios.com\/wp-content\/uploads\/2025\/03\/karla-toledo-FL-2-1-e1743261093884.jpg'><img loading=\"lazy\" decoding=\"async\" width=\"808\" height=\"950\" src=\"https:\/\/ateneaintercambios.com\/wp-content\/uploads\/2025\/03\/karla-toledo-FL-2-1-e1743261093884.jpg\" class=\"attachment-2048x2048 size-2048x2048\" alt=\"\" srcset=\"https:\/\/ateneaintercambios.com\/wp-content\/uploads\/2025\/03\/karla-toledo-FL-2-1-e1743261093884.jpg 808w, https:\/\/ateneaintercambios.com\/wp-content\/uploads\/2025\/03\/karla-toledo-FL-2-1-e1743261093884-255x300.jpg 255w, https:\/\/ateneaintercambios.com\/wp-content\/uploads\/2025\/03\/karla-toledo-FL-2-1-e1743261093884-768x903.jpg 768w\" sizes=\"(max-width: 808px) 100vw, 808px\" \/><\/a>\n\t\t\t<\/div><\/figure><figure class='gallery-item'>\n\t\t\t<div class='gallery-icon portrait'>\n\t\t\t\t<a data-elementor-open-lightbox=\"yes\" data-elementor-lightbox-slideshow=\"b472c91\" data-elementor-lightbox-title=\"NEW MEXICO\" data-e-action-hash=\"#elementor-action%3Aaction%3Dlightbox%26settings%3DeyJpZCI6MTA2OCwidXJsIjoiaHR0cHM6XC9cL2F0ZW5lYWludGVyY2FtYmlvcy5jb21cL3dwLWNvbnRlbnRcL3VwbG9hZHNcLzIwMjVcLzAzXC9wYXR0cmljay1uZXctbWV4aWNvLWUxNzQyMzE2NzQyMjI2LmpwZyIsInNsaWRlc2hvdyI6ImI0NzJjOTEifQ%3D%3D\" href='https:\/\/ateneaintercambios.com\/wp-content\/uploads\/2025\/03\/pattrick-new-mexico-e1742316742226.jpg'><img loading=\"lazy\" decoding=\"async\" width=\"768\" height=\"865\" src=\"https:\/\/ateneaintercambios.com\/wp-content\/uploads\/2025\/03\/pattrick-new-mexico-e1742316742226.jpg\" class=\"attachment-2048x2048 size-2048x2048\" alt=\"\" srcset=\"https:\/\/ateneaintercambios.com\/wp-content\/uploads\/2025\/03\/pattrick-new-mexico-e1742316742226.jpg 768w, https:\/\/ateneaintercambios.com\/wp-content\/uploads\/2025\/03\/pattrick-new-mexico-e1742316742226-266x300.jpg 266w\" sizes=\"(max-width: 768px) 100vw, 768px\" \/><\/a>\n\t\t\t<\/div><\/figure><figure class='gallery-item'>\n\t\t\t<div class='gallery-icon portrait'>\n\t\t\t\t<a data-elementor-open-lightbox=\"yes\" data-elementor-lightbox-slideshow=\"b472c91\" data-elementor-lightbox-title=\"NEW HAMPSHIRE\" data-e-action-hash=\"#elementor-action%3Aaction%3Dlightbox%26settings%3DeyJpZCI6MTA2MiwidXJsIjoiaHR0cHM6XC9cL2F0ZW5lYWludGVyY2FtYmlvcy5jb21cL3dwLWNvbnRlbnRcL3VwbG9hZHNcLzIwMjVcLzAzXC9NYWZlci0zLTEtZTE3NDIzMzUzNDEzNzMuanBnIiwic2xpZGVzaG93IjoiYjQ3MmM5MSJ9\" href='https:\/\/ateneaintercambios.com\/wp-content\/uploads\/2025\/03\/Mafer-3-1-e1742335341373.jpg'><img loading=\"lazy\" decoding=\"async\" width=\"744\" height=\"871\" src=\"https:\/\/ateneaintercambios.com\/wp-content\/uploads\/2025\/03\/Mafer-3-1-e1742335341373.jpg\" class=\"attachment-2048x2048 size-2048x2048\" alt=\"\" srcset=\"https:\/\/ateneaintercambios.com\/wp-content\/uploads\/2025\/03\/Mafer-3-1-e1742335341373.jpg 744w, https:\/\/ateneaintercambios.com\/wp-content\/uploads\/2025\/03\/Mafer-3-1-e1742335341373-256x300.jpg 256w\" sizes=\"(max-width: 744px) 100vw, 744px\" \/><\/a>\n\t\t\t<\/div><\/figure><figure class='gallery-item'>\n\t\t\t<div class='gallery-icon portrait'>\n\t\t\t\t<a data-elementor-open-lightbox=\"yes\" data-elementor-lightbox-slideshow=\"b472c91\" data-elementor-lightbox-title=\"LAS VEGAS\" data-e-action-hash=\"#elementor-action%3Aaction%3Dlightbox%26settings%3DeyJpZCI6MTA0NywidXJsIjoiaHR0cHM6XC9cL2F0ZW5lYWludGVyY2FtYmlvcy5jb21cL3dwLWNvbnRlbnRcL3VwbG9hZHNcLzIwMjVcLzAzXC9LYXR5LW1vem8tZTE3NDIzMzU3MzA1NzkuanBnIiwic2xpZGVzaG93IjoiYjQ3MmM5MSJ9\" href='https:\/\/ateneaintercambios.com\/wp-content\/uploads\/2025\/03\/Katy-mozo-e1742335730579.jpg'><img loading=\"lazy\" decoding=\"async\" width=\"720\" height=\"780\" src=\"https:\/\/ateneaintercambios.com\/wp-content\/uploads\/2025\/03\/Katy-mozo-e1742335730579.jpg\" class=\"attachment-2048x2048 size-2048x2048\" alt=\"\" srcset=\"https:\/\/ateneaintercambios.com\/wp-content\/uploads\/2025\/03\/Katy-mozo-e1742335730579.jpg 720w, https:\/\/ateneaintercambios.com\/wp-content\/uploads\/2025\/03\/Katy-mozo-e1742335730579-277x300.jpg 277w\" sizes=\"(max-width: 720px) 100vw, 720px\" \/><\/a>\n\t\t\t<\/div><\/figure><figure class='gallery-item'>\n\t\t\t<div class='gallery-icon landscape'>\n\t\t\t\t<a data-elementor-open-lightbox=\"yes\" data-elementor-lightbox-slideshow=\"b472c91\" data-elementor-lightbox-title=\"MASSACHUSETTS\" data-e-action-hash=\"#elementor-action%3Aaction%3Dlightbox%26settings%3DeyJpZCI6MTM1MSwidXJsIjoiaHR0cHM6XC9cL2F0ZW5lYWludGVyY2FtYmlvcy5jb21cL3dwLWNvbnRlbnRcL3VwbG9hZHNcLzIwMjVcLzAzXC9tYXRpYXMtYWxtZWlkYS1NQS5qcGciLCJzbGlkZXNob3ciOiJiNDcyYzkxIn0%3D\" href='https:\/\/ateneaintercambios.com\/wp-content\/uploads\/2025\/03\/matias-almeida-MA.jpg'><img loading=\"lazy\" decoding=\"async\" width=\"960\" height=\"960\" src=\"https:\/\/ateneaintercambios.com\/wp-content\/uploads\/2025\/03\/matias-almeida-MA.jpg\" class=\"attachment-2048x2048 size-2048x2048\" alt=\"\" srcset=\"https:\/\/ateneaintercambios.com\/wp-content\/uploads\/2025\/03\/matias-almeida-MA.jpg 960w, https:\/\/ateneaintercambios.com\/wp-content\/uploads\/2025\/03\/matias-almeida-MA-300x300.jpg 300w, https:\/\/ateneaintercambios.com\/wp-content\/uploads\/2025\/03\/matias-almeida-MA-150x150.jpg 150w, https:\/\/ateneaintercambios.com\/wp-content\/uploads\/2025\/03\/matias-almeida-MA-768x768.jpg 768w\" sizes=\"(max-width: 960px) 100vw, 960px\" \/><\/a>\n\t\t\t<\/div><\/figure><figure class='gallery-item'>\n\t\t\t<div class='gallery-icon landscape'>\n\t\t\t\t<a data-elementor-open-lightbox=\"yes\" data-elementor-lightbox-slideshow=\"b472c91\" data-elementor-lightbox-title=\"FLORIDA\" data-e-action-hash=\"#elementor-action%3Aaction%3Dlightbox%26settings%3DeyJpZCI6MTM1MiwidXJsIjoiaHR0cHM6XC9cL2F0ZW5lYWludGVyY2FtYmlvcy5jb21cL3dwLWNvbnRlbnRcL3VwbG9hZHNcLzIwMjVcLzAzXC9QYW9sYS1SYW1pcmV6LUZMNy5qcGciLCJzbGlkZXNob3ciOiJiNDcyYzkxIn0%3D\" href='https:\/\/ateneaintercambios.com\/wp-content\/uploads\/2025\/03\/Paola-Ramirez-FL7.jpg'><img loading=\"lazy\" decoding=\"async\" width=\"960\" height=\"960\" src=\"https:\/\/ateneaintercambios.com\/wp-content\/uploads\/2025\/03\/Paola-Ramirez-FL7.jpg\" class=\"attachment-2048x2048 size-2048x2048\" alt=\"\" srcset=\"https:\/\/ateneaintercambios.com\/wp-content\/uploads\/2025\/03\/Paola-Ramirez-FL7.jpg 960w, https:\/\/ateneaintercambios.com\/wp-content\/uploads\/2025\/03\/Paola-Ramirez-FL7-300x300.jpg 300w, https:\/\/ateneaintercambios.com\/wp-content\/uploads\/2025\/03\/Paola-Ramirez-FL7-150x150.jpg 150w, https:\/\/ateneaintercambios.com\/wp-content\/uploads\/2025\/03\/Paola-Ramirez-FL7-768x768.jpg 768w\" sizes=\"(max-width: 960px) 100vw, 960px\" \/><\/a>\n\t\t\t<\/div><\/figure><figure class='gallery-item'>\n\t\t\t<div class='gallery-icon landscape'>\n\t\t\t\t<a data-elementor-open-lightbox=\"yes\" data-elementor-lightbox-slideshow=\"b472c91\" data-elementor-lightbox-title=\"CHICAGO\" data-e-action-hash=\"#elementor-action%3Aaction%3Dlightbox%26settings%3DeyJpZCI6MTM0OSwidXJsIjoiaHR0cHM6XC9cL2F0ZW5lYWludGVyY2FtYmlvcy5jb21cL3dwLWNvbnRlbnRcL3VwbG9hZHNcLzIwMjVcLzAzXC9rYXJsYS1yZXluYS1jaGljYWdvby5qcGciLCJzbGlkZXNob3ciOiJiNDcyYzkxIn0%3D\" href='https:\/\/ateneaintercambios.com\/wp-content\/uploads\/2025\/03\/karla-reyna-chicagoo.jpg'><img loading=\"lazy\" decoding=\"async\" width=\"864\" height=\"864\" src=\"https:\/\/ateneaintercambios.com\/wp-content\/uploads\/2025\/03\/karla-reyna-chicagoo.jpg\" class=\"attachment-2048x2048 size-2048x2048\" alt=\"\" srcset=\"https:\/\/ateneaintercambios.com\/wp-content\/uploads\/2025\/03\/karla-reyna-chicagoo.jpg 864w, https:\/\/ateneaintercambios.com\/wp-content\/uploads\/2025\/03\/karla-reyna-chicagoo-300x300.jpg 300w, https:\/\/ateneaintercambios.com\/wp-content\/uploads\/2025\/03\/karla-reyna-chicagoo-150x150.jpg 150w, https:\/\/ateneaintercambios.com\/wp-content\/uploads\/2025\/03\/karla-reyna-chicagoo-768x768.jpg 768w\" sizes=\"(max-width: 864px) 100vw, 864px\" \/><\/a>\n\t\t\t<\/div><\/figure><figure class='gallery-item'>\n\t\t\t<div class='gallery-icon portrait'>\n\t\t\t\t<a data-elementor-open-lightbox=\"yes\" data-elementor-lightbox-slideshow=\"b472c91\" data-elementor-lightbox-title=\"CHICAGO\" data-e-action-hash=\"#elementor-action%3Aaction%3Dlightbox%26settings%3DeyJpZCI6MTM1MCwidXJsIjoiaHR0cHM6XC9cL2F0ZW5lYWludGVyY2FtYmlvcy5jb21cL3dwLWNvbnRlbnRcL3VwbG9hZHNcLzIwMjVcLzAzXC9tYXRpYXMtYWxtZWRpYS1jaGljYWdvLWUxNzQyNDkyNjExOTY0LmpwZyIsInNsaWRlc2hvdyI6ImI0NzJjOTEifQ%3D%3D\" href='https:\/\/ateneaintercambios.com\/wp-content\/uploads\/2025\/03\/matias-almedia-chicago-e1742492611964.jpg'><img loading=\"lazy\" decoding=\"async\" width=\"768\" height=\"800\" src=\"https:\/\/ateneaintercambios.com\/wp-content\/uploads\/2025\/03\/matias-almedia-chicago-e1742492611964.jpg\" class=\"attachment-2048x2048 size-2048x2048\" alt=\"\" srcset=\"https:\/\/ateneaintercambios.com\/wp-content\/uploads\/2025\/03\/matias-almedia-chicago-e1742492611964.jpg 768w, https:\/\/ateneaintercambios.com\/wp-content\/uploads\/2025\/03\/matias-almedia-chicago-e1742492611964-288x300.jpg 288w\" sizes=\"(max-width: 768px) 100vw, 768px\" \/><\/a>\n\t\t\t<\/div><\/figure><figure class='gallery-item'>\n\t\t\t<div class='gallery-icon landscape'>\n\t\t\t\t<a data-elementor-open-lightbox=\"yes\" data-elementor-lightbox-slideshow=\"b472c91\" data-elementor-lightbox-title=\"UTAH\" data-e-action-hash=\"#elementor-action%3Aaction%3Dlightbox%26settings%3DeyJpZCI6MTM1NCwidXJsIjoiaHR0cHM6XC9cL2F0ZW5lYWludGVyY2FtYmlvcy5jb21cL3dwLWNvbnRlbnRcL3VwbG9hZHNcLzIwMjVcLzAzXC9TaGV5bGEtQWJhZC0zLmpwZyIsInNsaWRlc2hvdyI6ImI0NzJjOTEifQ%3D%3D\" href='https:\/\/ateneaintercambios.com\/wp-content\/uploads\/2025\/03\/Sheyla-Abad-3.jpg'><img loading=\"lazy\" decoding=\"async\" width=\"1280\" height=\"960\" src=\"https:\/\/ateneaintercambios.com\/wp-content\/uploads\/2025\/03\/Sheyla-Abad-3.jpg\" class=\"attachment-2048x2048 size-2048x2048\" alt=\"\" srcset=\"https:\/\/ateneaintercambios.com\/wp-content\/uploads\/2025\/03\/Sheyla-Abad-3.jpg 1280w, https:\/\/ateneaintercambios.com\/wp-content\/uploads\/2025\/03\/Sheyla-Abad-3-300x225.jpg 300w, https:\/\/ateneaintercambios.com\/wp-content\/uploads\/2025\/03\/Sheyla-Abad-3-1024x768.jpg 1024w, https:\/\/ateneaintercambios.com\/wp-content\/uploads\/2025\/03\/Sheyla-Abad-3-768x576.jpg 768w\" sizes=\"(max-width: 1280px) 100vw, 1280px\" \/><\/a>\n\t\t\t<\/div><\/figure><figure class='gallery-item'>\n\t\t\t<div class='gallery-icon landscape'>\n\t\t\t\t<a data-elementor-open-lightbox=\"yes\" data-elementor-lightbox-slideshow=\"b472c91\" data-elementor-lightbox-title=\"WYOMING\" data-e-action-hash=\"#elementor-action%3Aaction%3Dlightbox%26settings%3DeyJpZCI6MTM0OCwidXJsIjoiaHR0cHM6XC9cL2F0ZW5lYWludGVyY2FtYmlvcy5jb21cL3dwLWNvbnRlbnRcL3VwbG9hZHNcLzIwMjVcLzAzXC9GZXJuYW5kYS1WZXJnYXJhLVdZby5qcGciLCJzbGlkZXNob3ciOiJiNDcyYzkxIn0%3D\" href='https:\/\/ateneaintercambios.com\/wp-content\/uploads\/2025\/03\/Fernanda-Vergara-WYo.jpg'><img loading=\"lazy\" decoding=\"async\" width=\"960\" height=\"720\" src=\"https:\/\/ateneaintercambios.com\/wp-content\/uploads\/2025\/03\/Fernanda-Vergara-WYo.jpg\" class=\"attachment-2048x2048 size-2048x2048\" alt=\"\" srcset=\"https:\/\/ateneaintercambios.com\/wp-content\/uploads\/2025\/03\/Fernanda-Vergara-WYo.jpg 960w, https:\/\/ateneaintercambios.com\/wp-content\/uploads\/2025\/03\/Fernanda-Vergara-WYo-300x225.jpg 300w, https:\/\/ateneaintercambios.com\/wp-content\/uploads\/2025\/03\/Fernanda-Vergara-WYo-768x576.jpg 768w\" sizes=\"(max-width: 960px) 100vw, 960px\" \/><\/a>\n\t\t\t<\/div><\/figure><figure class='gallery-item'>\n\t\t\t<div class='gallery-icon landscape'>\n\t\t\t\t<a data-elementor-open-lightbox=\"yes\" data-elementor-lightbox-slideshow=\"b472c91\" data-elementor-lightbox-title=\"WISCONSIN\" data-e-action-hash=\"#elementor-action%3Aaction%3Dlightbox%26settings%3DeyJpZCI6MTM1NiwidXJsIjoiaHR0cHM6XC9cL2F0ZW5lYWludGVyY2FtYmlvcy5jb21cL3dwLWNvbnRlbnRcL3VwbG9hZHNcLzIwMjVcLzAzXC9hbGFuLW5leXJhLXdpc2NvbnNpbi5qcGciLCJzbGlkZXNob3ciOiJiNDcyYzkxIn0%3D\" href='https:\/\/ateneaintercambios.com\/wp-content\/uploads\/2025\/03\/alan-neyra-wisconsin.jpg'><img loading=\"lazy\" decoding=\"async\" width=\"2048\" height=\"1536\" src=\"https:\/\/ateneaintercambios.com\/wp-content\/uploads\/2025\/03\/alan-neyra-wisconsin.jpg\" class=\"attachment-2048x2048 size-2048x2048\" alt=\"\" srcset=\"https:\/\/ateneaintercambios.com\/wp-content\/uploads\/2025\/03\/alan-neyra-wisconsin.jpg 2048w, https:\/\/ateneaintercambios.com\/wp-content\/uploads\/2025\/03\/alan-neyra-wisconsin-300x225.jpg 300w, https:\/\/ateneaintercambios.com\/wp-content\/uploads\/2025\/03\/alan-neyra-wisconsin-1024x768.jpg 1024w\" sizes=\"(max-width: 2048px) 100vw, 2048px\" \/><\/a>\n\t\t\t<\/div><\/figure><figure class='gallery-item'>\n\t\t\t<div class='gallery-icon landscape'>\n\t\t\t\t<a data-elementor-open-lightbox=\"yes\" data-elementor-lightbox-slideshow=\"b472c91\" data-elementor-lightbox-title=\"UTAH\" data-e-action-hash=\"#elementor-action%3Aaction%3Dlightbox%26settings%3DeyJpZCI6MTM1NSwidXJsIjoiaHR0cHM6XC9cL2F0ZW5lYWludGVyY2FtYmlvcy5jb21cL3dwLWNvbnRlbnRcL3VwbG9hZHNcLzIwMjVcLzAzXC9TaGV5bGEtQWJhZC00LmpwZyIsInNsaWRlc2hvdyI6ImI0NzJjOTEifQ%3D%3D\" href='https:\/\/ateneaintercambios.com\/wp-content\/uploads\/2025\/03\/Sheyla-Abad-4.jpg'><img loading=\"lazy\" decoding=\"async\" width=\"1080\" height=\"607\" src=\"https:\/\/ateneaintercambios.com\/wp-content\/uploads\/2025\/03\/Sheyla-Abad-4.jpg\" class=\"attachment-2048x2048 size-2048x2048\" alt=\"\" srcset=\"https:\/\/ateneaintercambios.com\/wp-content\/uploads\/2025\/03\/Sheyla-Abad-4.jpg 1080w, https:\/\/ateneaintercambios.com\/wp-content\/uploads\/2025\/03\/Sheyla-Abad-4-300x169.jpg 300w, https:\/\/ateneaintercambios.com\/wp-content\/uploads\/2025\/03\/Sheyla-Abad-4-1024x576.jpg 1024w, https:\/\/ateneaintercambios.com\/wp-content\/uploads\/2025\/03\/Sheyla-Abad-4-768x432.jpg 768w\" sizes=\"(max-width: 1080px) 100vw, 1080px\" \/><\/a>\n\t\t\t<\/div><\/figure><figure class='gallery-item'>\n\t\t\t<div class='gallery-icon portrait'>\n\t\t\t\t<a data-elementor-open-lightbox=\"yes\" data-elementor-lightbox-slideshow=\"b472c91\" data-elementor-lightbox-title=\"FLORIDA- DISNEY\" data-e-action-hash=\"#elementor-action%3Aaction%3Dlightbox%26settings%3DeyJpZCI6MTA3MCwidXJsIjoiaHR0cHM6XC9cL2F0ZW5lYWludGVyY2FtYmlvcy5jb21cL3dwLWNvbnRlbnRcL3VwbG9hZHNcLzIwMjVcLzAzXC9NZWxvZHktR2FyY2lhLUZMLTEtZTE3NDMyNjEwMzk1NDguanBnIiwic2xpZGVzaG93IjoiYjQ3MmM5MSJ9\" href='https:\/\/ateneaintercambios.com\/wp-content\/uploads\/2025\/03\/Melody-Garcia-FL-1-e1743261039548.jpg'><img loading=\"lazy\" decoding=\"async\" width=\"608\" height=\"904\" src=\"https:\/\/ateneaintercambios.com\/wp-content\/uploads\/2025\/03\/Melody-Garcia-FL-1-e1743261039548.jpg\" class=\"attachment-2048x2048 size-2048x2048\" alt=\"\" srcset=\"https:\/\/ateneaintercambios.com\/wp-content\/uploads\/2025\/03\/Melody-Garcia-FL-1-e1743261039548.jpg 608w, https:\/\/ateneaintercambios.com\/wp-content\/uploads\/2025\/03\/Melody-Garcia-FL-1-e1743261039548-202x300.jpg 202w\" sizes=\"(max-width: 608px) 100vw, 608px\" \/><\/a>\n\t\t\t<\/div><\/figure>\n\t\t<\/div>\n\t\t<\/div>\n\t\t\t\t\t\t<\/div>\n\t\t\t\t<\/div>\n\t\t\t\t<\/div>\n\t\t<div class=\"elementor-element elementor-element-1eb63b5 e-flex e-con-boxed e-con e-parent\" data-id=\"1eb63b5\" data-element_type=\"container\" data-settings=\"{&quot;background_background&quot;:&quot;classic&quot;}\">\n\t\t\t\t\t<div class=\"e-con-inner\">\n\t\t<div class=\"elementor-element elementor-element-fe5175e e-con-full e-flex e-con e-child\" data-id=\"fe5175e\" data-element_type=\"container\">\n\t\t\t\t<div class=\"elementor-element elementor-element-b7fed2a elementor-widget elementor-widget-heading\" data-id=\"b7fed2a\" data-element_type=\"widget\" data-widget_type=\"heading.default\">\n\t\t\t\t<div class=\"elementor-widget-container\">\n\t\t\t\t\t<h3 class=\"elementor-heading-title elementor-size-default\">If you want more information, message us on WhatsApp.  <\/h3>\t\t\t\t<\/div>\n\t\t\t\t<\/div>\n\t\t\t\t<\/div>\n\t\t<div class=\"elementor-element elementor-element-f8ba516 e-con-full e-flex e-con e-child\" data-id=\"f8ba516\" data-element_type=\"container\">\n\t\t\t\t<div class=\"elementor-element elementor-element-39c404e elementor-align-center elementor-mobile-align-center elementor-widget elementor-widget-button\" data-id=\"39c404e\" data-element_type=\"widget\" data-widget_type=\"button.default\">\n\t\t\t\t<div class=\"elementor-widget-container\">\n\t\t\t\t\t\t\t\t\t<div class=\"elementor-button-wrapper\">\n\t\t\t\t\t<a class=\"elementor-button elementor-button-link elementor-size-sm\" href=\"#\">\n\t\t\t\t\t\t<span class=\"elementor-button-content-wrapper\">\n\t\t\t\t\t\t\t\t\t<span class=\"elementor-button-text\">Whatsapp<\/span>\n\t\t\t\t\t<\/span>\n\t\t\t\t\t<\/a>\n\t\t\t\t<\/div>\n\t\t\t\t\t\t\t\t<\/div>\n\t\t\t\t<\/div>\n\t\t\t\t<\/div>\n\t\t\t\t\t<\/div>\n\t\t\t\t<\/div>\n\t\t\t\t<\/div>","protected":false},"excerpt":{"rendered":"<p>Galer\u00eda Si quieres m\u00e1s informaci\u00f3n, escr\u00edbenos al WhatsApp Whatsapp<\/p>","protected":false},"author":1,"featured_media":0,"parent":0,"menu_order":0,"comment_status":"closed","ping_status":"closed","template":"","meta":{"site-sidebar-layout":"no-sidebar","site-content-layout":"page-builder","ast-site-content-layout":"full-width-container","site-content-style":"unboxed","site-sidebar-style":"unboxed","ast-global-header-display":"","ast-banner-title-visibility":"","ast-main-header-display":"","ast-hfb-above-header-display":"","ast-hfb-below-header-display":"","ast-hfb-mobile-header-display":"","site-post-title":"disabled","ast-breadcrumbs-content":"","ast-featured-img":"disabled","footer-sml-layout":"","theme-transparent-header-meta":"enabled","adv-header-id-meta":"","stick-header-meta":"","header-above-stick-meta":"","header-main-stick-meta":"","header-below-stick-meta":"","astra-migrate-meta-layouts":"set","ast-page-background-enabled":"default","ast-page-background-meta":{"desktop":{"background-color":"","background-image":"","background-repeat":"repeat","background-position":"center center","background-size":"auto","background-attachment":"scroll","background-type":"","background-media":"","overlay-type":"","overlay-color":"","overlay-opacity":"","overlay-gradient":""},"tablet":{"background-color":"","background-image":"","background-repeat":"repeat","background-position":"center center","background-size":"auto","background-attachment":"scroll","background-type":"","background-media":"","overlay-type":"","overlay-color":"","overlay-opacity":"","overlay-gradient":""},"mobile":{"background-color":"","background-image":"","background-repeat":"repeat","background-position":"center center","background-size":"auto","background-attachment":"scroll","background-type":"","background-media":"","overlay-type":"","overlay-color":"","overlay-opacity":"","overlay-gradient":""}},"ast-content-background-meta":{"desktop":{"background-color":"var(--ast-global-color-5)","background-image":"","background-repeat":"repeat","background-position":"center center","background-size":"auto","background-attachment":"scroll","background-type":"","background-media":"","overlay-type":"","overlay-color":"","overlay-opacity":"","overlay-gradient":""},"tablet":{"background-color":"var(--ast-global-color-5)","background-image":"","background-repeat":"repeat","background-position":"center center","background-size":"auto","background-attachment":"scroll","background-type":"","background-media":"","overlay-type":"","overlay-color":"","overlay-opacity":"","overlay-gradient":""},"mobile":{"background-color":"var(--ast-global-color-5)","background-image":"","background-repeat":"repeat","background-position":"center center","background-size":"auto","background-attachment":"scroll","background-type":"","background-media":"","overlay-type":"","overlay-color":"","overlay-opacity":"","overlay-gradient":""}},"footnotes":""},"class_list":["post-1029","page","type-page","status-publish","hentry"],"aioseo_notices":[],"_links":{"self":[{"href":"https:\/\/ateneaintercambios.com\/en\/wp-json\/wp\/v2\/pages\/1029","targetHints":{"allow":["GET"]}}],"collection":[{"href":"https:\/\/ateneaintercambios.com\/en\/wp-json\/wp\/v2\/pages"}],"about":[{"href":"https:\/\/ateneaintercambios.com\/en\/wp-json\/wp\/v2\/types\/page"}],"author":[{"embeddable":true,"href":"https:\/\/ateneaintercambios.com\/en\/wp-json\/wp\/v2\/users\/1"}],"replies":[{"embeddable":true,"href":"https:\/\/ateneaintercambios.com\/en\/wp-json\/wp\/v2\/comments?post=1029"}],"version-history":[{"count":6,"href":"https:\/\/ateneaintercambios.com\/en\/wp-json\/wp\/v2\/pages\/1029\/revisions"}],"predecessor-version":[{"id":3411,"href":"https:\/\/ateneaintercambios.com\/en\/wp-json\/wp\/v2\/pages\/1029\/revisions\/3411"}],"wp:attachment":[{"href":"https:\/\/ateneaintercambios.com\/en\/wp-json\/wp\/v2\/media?parent=1029"}],"curies":[{"name":"wp","href":"https:\/\/api.w.org\/{rel}","templated":true}]}}