{"id":1028,"date":"2025-03-12T23:19:15","date_gmt":"2025-03-12T22:19:15","guid":{"rendered":"https:\/\/ateneaintercambios.com\/home\/"},"modified":"2025-12-26T19:01:36","modified_gmt":"2025-12-26T18:01:36","slug":"home","status":"publish","type":"page","link":"https:\/\/ateneaintercambios.com\/en\/","title":{"rendered":"Home"},"content":{"rendered":"<div data-elementor-type=\"wp-post\" data-elementor-id=\"1028\" class=\"elementor elementor-1028\">\n\t\t\t\t<div class=\"elementor-element elementor-element-094be62 e-flex e-con-boxed e-con e-parent\" data-id=\"094be62\" data-element_type=\"container\" data-settings=\"{&quot;background_background&quot;:&quot;video&quot;,&quot;background_video_link&quot;:&quot;https:\\\/\\\/youtu.be\\\/vMXe3zR9kHc&quot;,&quot;background_video_end&quot;:8,&quot;background_video_start&quot;:0}\">\n\t\t\t\t\t<div class=\"e-con-inner\">\n\t\t<div class=\"elementor-background-video-container elementor-hidden-mobile\">\n\t\t\t\t\t\t\t<div class=\"elementor-background-video-embed\"><\/div>\n\t\t\t\t\t\t<\/div><div class=\"elementor-element elementor-element-03016dc e-con-full e-flex e-con e-child\" data-id=\"03016dc\" data-element_type=\"container\">\n\t\t\t\t<div class=\"elementor-element elementor-element-fcdaf37 elementor-widget elementor-widget-heading\" data-id=\"fcdaf37\" data-element_type=\"widget\" data-widget_type=\"heading.default\">\n\t\t\t\t<div class=\"elementor-widget-container\">\n\t\t\t\t\t<h1 class=\"elementor-heading-title elementor-size-default\">Atenea Programas De Intercambio<\/h1>\t\t\t\t<\/div>\n\t\t\t\t<\/div>\n\t\t\t\t<div class=\"elementor-element elementor-element-6d44c34 elementor-widget elementor-widget-text-editor\" data-id=\"6d44c34\" data-element_type=\"widget\" data-widget_type=\"text-editor.default\">\n\t\t\t\t<div class=\"elementor-widget-container\">\n\t\t\t\t\t\t\t\t\t<p><em><strong>OPENING NEW WORLDS FOR NEW GENERATIONS<\/strong><\/em><\/p>\t\t\t\t\t\t\t\t<\/div>\n\t\t\t\t<\/div>\n\t\t\t\t<div class=\"elementor-element elementor-element-8a045e8 elementor-view-default elementor-widget elementor-widget-icon\" data-id=\"8a045e8\" data-element_type=\"widget\" data-widget_type=\"icon.default\">\n\t\t\t\t<div class=\"elementor-widget-container\">\n\t\t\t\t\t\t\t<div class=\"elementor-icon-wrapper\">\n\t\t\t<div class=\"elementor-icon\">\n\t\t\t<svg aria-hidden=\"true\" class=\"e-font-icon-svg e-fas-long-arrow-alt-down\" viewbox=\"0 0 256 512\" xmlns=\"http:\/\/www.w3.org\/2000\/svg\"><path d=\"M168 345.941V44c0-6.627-5.373-12-12-12h-56c-6.627 0-12 5.373-12 12v301.941H41.941c-21.382 0-32.09 25.851-16.971 40.971l86.059 86.059c9.373 9.373 24.569 9.373 33.941 0l86.059-86.059c15.119-15.119 4.411-40.971-16.971-40.971H168z\"><\/path><\/svg>\t\t\t<\/div>\n\t\t<\/div>\n\t\t\t\t\t\t<\/div>\n\t\t\t\t<\/div>\n\t\t\t\t<\/div>\n\t\t\t\t\t<\/div>\n\t\t\t\t<\/div>\n\t\t<div class=\"elementor-element elementor-element-d86f416 e-flex e-con-boxed e-con e-parent\" data-id=\"d86f416\" data-element_type=\"container\">\n\t\t\t\t\t<div class=\"e-con-inner\">\n\t\t<div class=\"elementor-element elementor-element-e2a66dd e-con-full e-flex e-con e-child\" data-id=\"e2a66dd\" data-element_type=\"container\">\n\t\t\t\t<div class=\"elementor-element elementor-element-93fdd5c elementor-widget elementor-widget-heading\" data-id=\"93fdd5c\" data-element_type=\"widget\" data-widget_type=\"heading.default\">\n\t\t\t\t<div class=\"elementor-widget-container\">\n\t\t\t\t\t<h2 class=\"elementor-heading-title elementor-size-default\">Atenea<\/h2>\t\t\t\t<\/div>\n\t\t\t\t<\/div>\n\t\t\t\t<div class=\"elementor-element elementor-element-84ebbb0 elementor-widget elementor-widget-text-editor\" data-id=\"84ebbb0\" data-element_type=\"widget\" data-widget_type=\"text-editor.default\">\n\t\t\t\t<div class=\"elementor-widget-container\">\n\t\t\t\t\t\t\t\t\t<p data-start=\"0\" data-end=\"242\" class=\" translation-block\">We are an organization dedicated to providing students and professionals with the opportunity to embark on unique cultural, social, and academic experiences abroad through our Au Pair, Work and Travel, and Internship programs.<\/p><p data-start=\"244\" data-end=\"669\" data-is-last-node=\"\" data-is-only-node=\"\" class=\" translation-block\">With over 25 years of experience, Atenea has helped thousands of young people enhance their personal and professional growth. Our programs not only allow them to improve their English but also to develop new skills, immerse themselves in diverse cultures, and broaden their horizons. We are committed to delivering high-quality service, turning every journey into an enriching and unforgettable experience.<\/p>\t\t\t\t\t\t\t\t<\/div>\n\t\t\t\t<\/div>\n\t\t\t\t<\/div>\n\t\t\t\t\t<\/div>\n\t\t\t\t<\/div>\n\t\t<div class=\"elementor-element elementor-element-dae2285 e-flex e-con-boxed e-con e-parent\" data-id=\"dae2285\" data-element_type=\"container\" data-settings=\"{&quot;background_background&quot;:&quot;classic&quot;}\">\n\t\t\t\t\t<div class=\"e-con-inner\">\n\t\t<div class=\"elementor-element elementor-element-1cc0575 e-con-full e-flex e-con e-child\" data-id=\"1cc0575\" data-element_type=\"container\">\n\t\t\t\t<div class=\"elementor-element elementor-element-be32a2f elementor-widget elementor-widget-heading\" data-id=\"be32a2f\" data-element_type=\"widget\" data-widget_type=\"heading.default\">\n\t\t\t\t<div class=\"elementor-widget-container\">\n\t\t\t\t\t<h5 class=\"elementor-heading-title elementor-size-default\">Services<\/h5>\t\t\t\t<\/div>\n\t\t\t\t<\/div>\n\t\t\t\t<div class=\"elementor-element elementor-element-d00ddeb elementor-widget-divider--view-line elementor-widget elementor-widget-divider\" data-id=\"d00ddeb\" data-element_type=\"widget\" data-widget_type=\"divider.default\">\n\t\t\t\t<div class=\"elementor-widget-container\">\n\t\t\t\t\t\t\t<div class=\"elementor-divider\">\n\t\t\t<span class=\"elementor-divider-separator\">\n\t\t\t\t\t\t<\/span>\n\t\t<\/div>\n\t\t\t\t\t\t<\/div>\n\t\t\t\t<\/div>\n\t\t\t\t<div class=\"elementor-element elementor-element-c2b1ea4 elementor-widget elementor-widget-image-box\" data-id=\"c2b1ea4\" data-element_type=\"widget\" data-widget_type=\"image-box.default\">\n\t\t\t\t<div class=\"elementor-widget-container\">\n\t\t\t\t\t<div class=\"elementor-image-box-wrapper\"><div class=\"elementor-image-box-content\"><h4 class=\"elementor-image-box-title\">Support Every Step of the Way<\/h4><p class=\"elementor-image-box-description\">We provide expert advice and support to help you choose the ideal program based on your profile, goals, and availability, answering all your questions about requirements, costs, and benefits.<\/p><\/div><\/div>\t\t\t\t<\/div>\n\t\t\t\t<\/div>\n\t\t\t\t<div class=\"elementor-element elementor-element-421d9aa elementor-widget-divider--view-line elementor-widget elementor-widget-divider\" data-id=\"421d9aa\" data-element_type=\"widget\" data-widget_type=\"divider.default\">\n\t\t\t\t<div class=\"elementor-widget-container\">\n\t\t\t\t\t\t\t<div class=\"elementor-divider\">\n\t\t\t<span class=\"elementor-divider-separator\">\n\t\t\t\t\t\t<\/span>\n\t\t<\/div>\n\t\t\t\t\t\t<\/div>\n\t\t\t\t<\/div>\n\t\t\t\t<div class=\"elementor-element elementor-element-4314198 elementor-widget elementor-widget-image-box\" data-id=\"4314198\" data-element_type=\"widget\" data-widget_type=\"image-box.default\">\n\t\t\t\t<div class=\"elementor-widget-container\">\n\t\t\t\t\t<div class=\"elementor-image-box-wrapper\"><div class=\"elementor-image-box-content\"><h4 class=\"elementor-image-box-title\">Document and Application Management <\/h4><p class=\"elementor-image-box-description\">We guide you through the preparation and submission of all necessary documents for your program application, including forms, visas, contracts, and insurance.<\/p><\/div><\/div>\t\t\t\t<\/div>\n\t\t\t\t<\/div>\n\t\t\t\t<div class=\"elementor-element elementor-element-0fd6a21 elementor-widget-divider--view-line elementor-widget elementor-widget-divider\" data-id=\"0fd6a21\" data-element_type=\"widget\" data-widget_type=\"divider.default\">\n\t\t\t\t<div class=\"elementor-widget-container\">\n\t\t\t\t\t\t\t<div class=\"elementor-divider\">\n\t\t\t<span class=\"elementor-divider-separator\">\n\t\t\t\t\t\t<\/span>\n\t\t<\/div>\n\t\t\t\t\t\t<\/div>\n\t\t\t\t<\/div>\n\t\t\t\t<div class=\"elementor-element elementor-element-da7fbf2 elementor-widget elementor-widget-image-box\" data-id=\"da7fbf2\" data-element_type=\"widget\" data-widget_type=\"image-box.default\">\n\t\t\t\t<div class=\"elementor-widget-container\">\n\t\t\t\t\t<div class=\"elementor-image-box-wrapper\"><div class=\"elementor-image-box-content\"><h4 class=\"elementor-image-box-title\">Support Throughout Your Experience <\/h4><p class=\"elementor-image-box-description\">We offer assistance before, during, and after your trip, ensuring you have a safe and smooth experience in the U.S.<\/p><\/div><\/div>\t\t\t\t<\/div>\n\t\t\t\t<\/div>\n\t\t\t\t<\/div>\n\t\t<div class=\"elementor-element elementor-element-2f4db7f e-con-full e-flex e-con e-child\" data-id=\"2f4db7f\" data-element_type=\"container\">\n\t\t\t\t<div class=\"elementor-element elementor-element-9d60f4d elementor-widget elementor-widget-heading\" data-id=\"9d60f4d\" data-element_type=\"widget\" data-widget_type=\"heading.default\">\n\t\t\t\t<div class=\"elementor-widget-container\">\n\t\t\t\t\t<h2 class=\"elementor-heading-title elementor-size-default\">\nYour adventure starts here! At Atenea, we help you make your dreams come true.<\/h2>\t\t\t\t<\/div>\n\t\t\t\t<\/div>\n\t\t\t\t<\/div>\n\t\t\t\t\t<\/div>\n\t\t\t\t<\/div>\n\t\t<div class=\"elementor-element elementor-element-fc1c9ac e-flex e-con-boxed e-con e-parent\" data-id=\"fc1c9ac\" data-element_type=\"container\">\n\t\t\t\t\t<div class=\"e-con-inner\">\n\t\t<div class=\"elementor-element elementor-element-688a7e5 e-con-full e-flex e-con e-child\" data-id=\"688a7e5\" data-element_type=\"container\">\n\t\t\t\t<div class=\"elementor-element elementor-element-ca5e889 elementor-widget elementor-widget-heading\" data-id=\"ca5e889\" data-element_type=\"widget\" data-widget_type=\"heading.default\">\n\t\t\t\t<div class=\"elementor-widget-container\">\n\t\t\t\t\t<h2 class=\"elementor-heading-title elementor-size-default\">Our Programs<\/h2>\t\t\t\t<\/div>\n\t\t\t\t<\/div>\n\t\t<div class=\"elementor-element elementor-element-8e68b1a e-flex e-con-boxed elementor-invisible e-con e-child\" data-id=\"8e68b1a\" data-element_type=\"container\" data-settings=\"{&quot;animation&quot;:&quot;fadeInDown&quot;}\">\n\t\t\t\t\t<div class=\"e-con-inner\">\n\t\t\t\t<div class=\"elementor-element elementor-element-0fc7785 elementor-widget__width-initial elementor-widget-mobile__width-inherit elementor-position-top elementor-widget elementor-widget-image-box\" data-id=\"0fc7785\" data-element_type=\"widget\" data-widget_type=\"image-box.default\">\n\t\t\t\t<div class=\"elementor-widget-container\">\n\t\t\t\t\t<div class=\"elementor-image-box-wrapper\"><figure class=\"elementor-image-box-img\"><a href=\"https:\/\/ateneaintercambios.com\/work-and-travel\/\" tabindex=\"-1\"><img fetchpriority=\"high\" decoding=\"async\" width=\"720\" height=\"960\" src=\"https:\/\/ateneaintercambios.com\/wp-content\/uploads\/2025\/03\/Anggelo-castillo-Kalahari.jpg\" class=\"attachment-full size-full wp-image-1688\" alt=\"\" srcset=\"https:\/\/ateneaintercambios.com\/wp-content\/uploads\/2025\/03\/Anggelo-castillo-Kalahari.jpg 720w, https:\/\/ateneaintercambios.com\/wp-content\/uploads\/2025\/03\/Anggelo-castillo-Kalahari-225x300.jpg 225w\" sizes=\"(max-width: 720px) 100vw, 720px\" \/><\/a><\/figure><div class=\"elementor-image-box-content\"><h4 class=\"elementor-image-box-title\"><a href=\"https:\/\/ateneaintercambios.com\/work-and-travel\/\">WORK AND TRAVEL<\/a><\/h4><p class=\"elementor-image-box-description\">Live and work in the U.S. during your college break, improve your English, and gain international experience.<\/p><\/div><\/div>\t\t\t\t<\/div>\n\t\t\t\t<\/div>\n\t\t\t\t<div class=\"elementor-element elementor-element-c026ea0 elementor-widget__width-initial elementor-widget-mobile__width-inherit elementor-position-top elementor-widget elementor-widget-image-box\" data-id=\"c026ea0\" data-element_type=\"widget\" data-widget_type=\"image-box.default\">\n\t\t\t\t<div class=\"elementor-widget-container\">\n\t\t\t\t\t<div class=\"elementor-image-box-wrapper\"><figure class=\"elementor-image-box-img\"><a href=\"https:\/\/ateneaintercambios.com\/au-pair\/\" tabindex=\"-1\"><img decoding=\"async\" width=\"854\" height=\"1280\" src=\"https:\/\/ateneaintercambios.com\/wp-content\/uploads\/2025\/03\/gfca36d365f3b75396127d0d07016b12802112067d867042ebc29fa5986a3537a557acce48ace92603420f25c7616b056b29a387946534b80a7f6f7b305d11437_1280-4282016.jpg\" class=\"attachment-full size-full wp-image-1061\" alt=\"platting, chef, food, fine dining, vegan, michelin star, chef, chef, chef, chef, chef\" srcset=\"https:\/\/ateneaintercambios.com\/wp-content\/uploads\/2025\/03\/gfca36d365f3b75396127d0d07016b12802112067d867042ebc29fa5986a3537a557acce48ace92603420f25c7616b056b29a387946534b80a7f6f7b305d11437_1280-4282016.jpg 854w, https:\/\/ateneaintercambios.com\/wp-content\/uploads\/2025\/03\/gfca36d365f3b75396127d0d07016b12802112067d867042ebc29fa5986a3537a557acce48ace92603420f25c7616b056b29a387946534b80a7f6f7b305d11437_1280-4282016-200x300.jpg 200w, https:\/\/ateneaintercambios.com\/wp-content\/uploads\/2025\/03\/gfca36d365f3b75396127d0d07016b12802112067d867042ebc29fa5986a3537a557acce48ace92603420f25c7616b056b29a387946534b80a7f6f7b305d11437_1280-4282016-683x1024.jpg 683w, https:\/\/ateneaintercambios.com\/wp-content\/uploads\/2025\/03\/gfca36d365f3b75396127d0d07016b12802112067d867042ebc29fa5986a3537a557acce48ace92603420f25c7616b056b29a387946534b80a7f6f7b305d11437_1280-4282016-768x1151.jpg 768w\" sizes=\"(max-width: 854px) 100vw, 854px\" \/><\/a><\/figure><div class=\"elementor-image-box-content\"><h4 class=\"elementor-image-box-title\"><a href=\"https:\/\/ateneaintercambios.com\/au-pair\/\">INTERNSHIP\/TRAINEE<\/a><\/h4><p class=\"elementor-image-box-description\">Intern in the U.S. in your field of study and gain experience at reputable companies.<\/p><\/div><\/div>\t\t\t\t<\/div>\n\t\t\t\t<\/div>\n\t\t\t\t<div class=\"elementor-element elementor-element-209969d elementor-widget__width-initial elementor-widget-mobile__width-inherit elementor-position-top elementor-widget elementor-widget-image-box\" data-id=\"209969d\" data-element_type=\"widget\" data-widget_type=\"image-box.default\">\n\t\t\t\t<div class=\"elementor-widget-container\">\n\t\t\t\t\t<div class=\"elementor-image-box-wrapper\"><figure class=\"elementor-image-box-img\"><a href=\"https:\/\/ateneaintercambios.com\/internship\/\" tabindex=\"-1\"><img decoding=\"async\" src=\"https:\/\/ateneaintercambios.com\/wp-content\/uploads\/2025\/03\/pexels-photo-3875280-3875280-5.jpg\" class=\"attachment-full size-full wp-image-1057\" alt=\"\" \/><\/a><\/figure><div class=\"elementor-image-box-content\"><h4 class=\"elementor-image-box-title\"><a href=\"https:\/\/ateneaintercambios.com\/internship\/\">AU PAIR<\/a><\/h4><p class=\"elementor-image-box-description\">Live with an American family, care for their children, and immerse yourself in the culture while studying and improving your English.<\/p><\/div><\/div>\t\t\t\t<\/div>\n\t\t\t\t<\/div>\n\t\t\t\t\t<\/div>\n\t\t\t\t<\/div>\n\t\t\t\t<\/div>\n\t\t\t\t\t<\/div>\n\t\t\t\t<\/div>\n\t\t<div class=\"elementor-element elementor-element-19f73d5 e-flex e-con-boxed e-con e-parent\" data-id=\"19f73d5\" data-element_type=\"container\" data-settings=\"{&quot;background_background&quot;:&quot;classic&quot;}\">\n\t\t\t\t\t<div class=\"e-con-inner\">\n\t\t<div class=\"elementor-element elementor-element-6eb36f3 e-con-full e-flex e-con e-child\" data-id=\"6eb36f3\" data-element_type=\"container\">\n\t\t\t\t<div class=\"elementor-element elementor-element-43edbc6 elementor-widget elementor-widget-heading\" data-id=\"43edbc6\" data-element_type=\"widget\" data-widget_type=\"heading.default\">\n\t\t\t\t<div class=\"elementor-widget-container\">\n\t\t\t\t\t<h3 class=\"elementor-heading-title elementor-size-default\">If you want more information, message us on WhatsApp.  <\/h3>\t\t\t\t<\/div>\n\t\t\t\t<\/div>\n\t\t\t\t<\/div>\n\t\t<div class=\"elementor-element elementor-element-5ca044e e-con-full e-flex e-con e-child\" data-id=\"5ca044e\" data-element_type=\"container\">\n\t\t\t\t<div class=\"elementor-element elementor-element-fc3825c elementor-align-center elementor-mobile-align-center elementor-widget elementor-widget-button\" data-id=\"fc3825c\" data-element_type=\"widget\" data-widget_type=\"button.default\">\n\t\t\t\t<div class=\"elementor-widget-container\">\n\t\t\t\t\t\t\t\t\t<div class=\"elementor-button-wrapper\">\n\t\t\t\t\t<a class=\"elementor-button elementor-button-link elementor-size-sm\" href=\"https:\/\/linktr.ee\/ateneawt?utm_source=ig&#038;utm_medium=social&#038;utm_content=link_in_bio&#038;fbclid=PAZXh0bgNhZW0CMTEAc3J0YwZhcHBfaWQMMjU2MjgxMDQwNTU4AAGng0umYpKimvBDGkas5DzEfKhR9dNQ2-aEejMjOKaTIOIPnF5kUdKjOWXV1Pc_aem_uSWxi_KfXPyWH1yZc-bncA\">\n\t\t\t\t\t\t<span class=\"elementor-button-content-wrapper\">\n\t\t\t\t\t\t\t\t\t<span class=\"elementor-button-text\">Whatsapp<\/span>\n\t\t\t\t\t<\/span>\n\t\t\t\t\t<\/a>\n\t\t\t\t<\/div>\n\t\t\t\t\t\t\t\t<\/div>\n\t\t\t\t<\/div>\n\t\t\t\t<\/div>\n\t\t\t\t\t<\/div>\n\t\t\t\t<\/div>\n\t\t\t\t<\/div>","protected":false},"excerpt":{"rendered":"<p>Atenea Programas De Intercambio Abrimos nuevos horizontes a nuevas generaciones Atenea Somos una organizaci\u00f3n dedicada a brindar a estudiantes y profesionales la oportunidad de vivir experiencias culturales, sociales y acad\u00e9micas \u00fanicas en el extranjero a trav\u00e9s de nuestros programas Au Pair, Work and Travel e Internship. Con m\u00e1s de 25 a\u00f1os de trayectoria, en Atenea [&hellip;]<\/p>","protected":false},"author":1,"featured_media":0,"parent":0,"menu_order":0,"comment_status":"closed","ping_status":"closed","template":"","meta":{"site-sidebar-layout":"no-sidebar","site-content-layout":"page-builder","ast-site-content-layout":"full-width-container","site-content-style":"unboxed","site-sidebar-style":"unboxed","ast-global-header-display":"","ast-banner-title-visibility":"","ast-main-header-display":"","ast-hfb-above-header-display":"","ast-hfb-below-header-display":"","ast-hfb-mobile-header-display":"","site-post-title":"disabled","ast-breadcrumbs-content":"","ast-featured-img":"disabled","footer-sml-layout":"","theme-transparent-header-meta":"enabled","adv-header-id-meta":"","stick-header-meta":"","header-above-stick-meta":"","header-main-stick-meta":"","header-below-stick-meta":"","astra-migrate-meta-layouts":"set","ast-page-background-enabled":"default","ast-page-background-meta":{"desktop":{"background-color":"","background-image":"","background-repeat":"repeat","background-position":"center center","background-size":"auto","background-attachment":"scroll","background-type":"","background-media":"","overlay-type":"","overlay-color":"","overlay-opacity":"","overlay-gradient":""},"tablet":{"background-color":"","background-image":"","background-repeat":"repeat","background-position":"center center","background-size":"auto","background-attachment":"scroll","background-type":"","background-media":"","overlay-type":"","overlay-color":"","overlay-opacity":"","overlay-gradient":""},"mobile":{"background-color":"","background-image":"","background-repeat":"repeat","background-position":"center center","background-size":"auto","background-attachment":"scroll","background-type":"","background-media":"","overlay-type":"","overlay-color":"","overlay-opacity":"","overlay-gradient":""}},"ast-content-background-meta":{"desktop":{"background-color":"var(--ast-global-color-5)","background-image":"","background-repeat":"repeat","background-position":"center center","background-size":"auto","background-attachment":"scroll","background-type":"","background-media":"","overlay-type":"","overlay-color":"","overlay-opacity":"","overlay-gradient":""},"tablet":{"background-color":"var(--ast-global-color-5)","background-image":"","background-repeat":"repeat","background-position":"center center","background-size":"auto","background-attachment":"scroll","background-type":"","background-media":"","overlay-type":"","overlay-color":"","overlay-opacity":"","overlay-gradient":""},"mobile":{"background-color":"var(--ast-global-color-5)","background-image":"","background-repeat":"repeat","background-position":"center center","background-size":"auto","background-attachment":"scroll","background-type":"","background-media":"","overlay-type":"","overlay-color":"","overlay-opacity":"","overlay-gradient":""}},"footnotes":""},"class_list":["post-1028","page","type-page","status-publish","hentry"],"aioseo_notices":[],"_links":{"self":[{"href":"https:\/\/ateneaintercambios.com\/en\/wp-json\/wp\/v2\/pages\/1028","targetHints":{"allow":["GET"]}}],"collection":[{"href":"https:\/\/ateneaintercambios.com\/en\/wp-json\/wp\/v2\/pages"}],"about":[{"href":"https:\/\/ateneaintercambios.com\/en\/wp-json\/wp\/v2\/types\/page"}],"author":[{"embeddable":true,"href":"https:\/\/ateneaintercambios.com\/en\/wp-json\/wp\/v2\/users\/1"}],"replies":[{"embeddable":true,"href":"https:\/\/ateneaintercambios.com\/en\/wp-json\/wp\/v2\/comments?post=1028"}],"version-history":[{"count":5,"href":"https:\/\/ateneaintercambios.com\/en\/wp-json\/wp\/v2\/pages\/1028\/revisions"}],"predecessor-version":[{"id":3398,"href":"https:\/\/ateneaintercambios.com\/en\/wp-json\/wp\/v2\/pages\/1028\/revisions\/3398"}],"wp:attachment":[{"href":"https:\/\/ateneaintercambios.com\/en\/wp-json\/wp\/v2\/media?parent=1028"}],"curies":[{"name":"wp","href":"https:\/\/api.w.org\/{rel}","templated":true}]}}